{"id":2955,"date":"2026-04-11T21:03:39","date_gmt":"2026-04-11T19:03:39","guid":{"rendered":"https:\/\/shop.luxeauramontecarlo.com\/?post_type=product&#038;p=2955"},"modified":"2026-04-20T16:25:36","modified_gmt":"2026-04-20T14:25:36","slug":"set-decouverte-fontvieille","status":"publish","type":"product","link":"https:\/\/shop.luxeauramontecarlo.com\/fr\/products\/set-decouverte-fontvieille\/","title":{"rendered":"Set D\u00e9couverte Fontvieille"},"content":{"rendered":"<p>Cinq soins en format d\u00e9couverte, pour entrer dans l\u2019univers de Luxe Aura Monte-Carlo \u00e0 votre rythme.<\/p>\n<p>La s\u00e9lection comprend :<\/p>\n<p><strong>Golden Revive<\/strong> (5 ml), masque gel repulpant \u00e0 l'or collo\u00efdal et \u00e0 l'acide hyaluronique, \u00e0 la rose.<\/p>\n<p><strong>Vitae Sphaera<\/strong> (5 ml), gel aux microsph\u00e8res de vitamines C et E.<\/p>\n<p><strong>Ialu Boost<\/strong> (5 ml), soin contour des yeux \u00e0 l'acide hyaluronique multi-poids mol\u00e9culaires.<\/p>\n<p><strong>Ialu Rigenera<\/strong> (3 ml), s\u00e9rum r\u00e9g\u00e9n\u00e9rant aux actifs v\u00e9g\u00e9taux.<\/p>\n<p><strong>Golden Age<\/strong> (5 ml), cr\u00e8me visage riche \u00e0 l'acide hyaluronique multi-poids mol\u00e9culaires, huiles et vitamines.<\/p>\n<p>Cinq textures. Cinq gestes. Un seul rituel.<\/p>\n<p>Cinq mini-formats en verre, pens\u00e9s pour \u00eatre essay\u00e9s, ressentis, reconnus.<\/p>","protected":false},"excerpt":{"rendered":"<p>Five discovery-size treatments, from colloidal gold to hyaluronic acid, for nourished and luminous skin.<\/p>","protected":false},"featured_media":2957,"template":"","meta":{"site-sidebar-layout":"default","site-content-layout":"","ast-site-content-layout":"default","site-content-style":"default","site-sidebar-style":"default","ast-global-header-display":"","ast-banner-title-visibility":"","ast-main-header-display":"","ast-hfb-above-header-display":"","ast-hfb-below-header-display":"","ast-hfb-mobile-header-display":"","site-post-title":"","ast-breadcrumbs-content":"","ast-featured-img":"","footer-sml-layout":"","theme-transparent-header-meta":"default","adv-header-id-meta":"","stick-header-meta":"","header-above-stick-meta":"","header-main-stick-meta":"","header-below-stick-meta":"","astra-migrate-meta-layouts":"set","ast-page-background-enabled":"default","ast-page-background-meta":{"desktop":{"background-color":"","background-image":"","background-repeat":"repeat","background-position":"center center","background-size":"auto","background-attachment":"scroll","background-type":"","background-media":"","overlay-type":"","overlay-color":"","overlay-opacity":"","overlay-gradient":""},"tablet":{"background-color":"","background-image":"","background-repeat":"repeat","background-position":"center center","background-size":"auto","background-attachment":"scroll","background-type":"","background-media":"","overlay-type":"","overlay-color":"","overlay-opacity":"","overlay-gradient":""},"mobile":{"background-color":"","background-image":"","background-repeat":"repeat","background-position":"center center","background-size":"auto","background-attachment":"scroll","background-type":"","background-media":"","overlay-type":"","overlay-color":"","overlay-opacity":"","overlay-gradient":""}},"ast-content-background-meta":{"desktop":{"background-color":"var(--ast-global-color-5)","background-image":"","background-repeat":"repeat","background-position":"center center","background-size":"auto","background-attachment":"scroll","background-type":"","background-media":"","overlay-type":"","overlay-color":"","overlay-opacity":"","overlay-gradient":""},"tablet":{"background-color":"var(--ast-global-color-5)","background-image":"","background-repeat":"repeat","background-position":"center center","background-size":"auto","background-attachment":"scroll","background-type":"","background-media":"","overlay-type":"","overlay-color":"","overlay-opacity":"","overlay-gradient":""},"mobile":{"background-color":"var(--ast-global-color-5)","background-image":"","background-repeat":"repeat","background-position":"center center","background-size":"auto","background-attachment":"scroll","background-type":"","background-media":"","overlay-type":"","overlay-color":"","overlay-opacity":"","overlay-gradient":""}}},"product_brand":[64],"product_cat":[65],"product_tag":[],"class_list":{"0":"post-2955","1":"product","2":"type-product","3":"status-publish","4":"has-post-thumbnail","6":"product_brand-luxe-aura-monte-carlo","7":"product_cat-discovery","8":"desktop-align-left","9":"tablet-align-left","10":"mobile-align-left","12":"first","13":"instock","14":"shipping-taxable","15":"purchasable","16":"product-type-simple","17":"add-to-wishlist-before_image"},"yoast_head":"<!-- This site is optimized with the Yoast SEO plugin v22.7 - https:\/\/yoast.com\/wordpress\/plugins\/seo\/ -->\n<title>Set D\u00e9couverte Fontvieille - Luxe Aura Monte-Carlo<\/title>\n<meta name=\"robots\" content=\"index, follow, max-snippet:-1, max-image-preview:large, max-video-preview:-1\" \/>\n<link rel=\"canonical\" href=\"https:\/\/shop.luxeauramontecarlo.com\/fr\/products\/set-decouverte-fontvieille\/\" \/>\n<meta property=\"og:locale\" content=\"fr_FR\" \/>\n<meta property=\"og:type\" content=\"article\" \/>\n<meta property=\"og:title\" content=\"Set D\u00e9couverte Fontvieille - Luxe Aura Monte-Carlo\" \/>\n<meta property=\"og:description\" content=\"Five discovery-size treatments, from colloidal gold to hyaluronic acid, for nourished and luminous skin.\" \/>\n<meta property=\"og:url\" content=\"https:\/\/shop.luxeauramontecarlo.com\/fr\/products\/set-decouverte-fontvieille\/\" \/>\n<meta property=\"og:site_name\" content=\"Luxe Aura Monte-Carlo\" \/>\n<meta property=\"article:modified_time\" content=\"2026-04-20T14:25:36+00:00\" \/>\n<meta property=\"og:image\" content=\"https:\/\/shop.luxeauramontecarlo.com\/wp-content\/uploads\/2026\/04\/Fontvielle.jpg\" \/>\n\t<meta property=\"og:image:width\" content=\"1080\" \/>\n\t<meta property=\"og:image:height\" content=\"1080\" \/>\n\t<meta property=\"og:image:type\" content=\"image\/jpeg\" \/>\n<meta name=\"twitter:card\" content=\"summary_large_image\" \/>\n<meta name=\"twitter:label1\" content=\"Dur\u00e9e de lecture estim\u00e9e\" \/>\n\t<meta name=\"twitter:data1\" content=\"1 minute\" \/>\n<script type=\"application\/ld+json\" class=\"yoast-schema-graph\">{\"@context\":\"https:\/\/schema.org\",\"@graph\":[{\"@type\":\"WebPage\",\"@id\":\"https:\/\/shop.luxeauramontecarlo.com\/products\/set-decouverte-fontvieille\/\",\"url\":\"https:\/\/shop.luxeauramontecarlo.com\/products\/set-decouverte-fontvieille\/\",\"name\":\"Set D\u00e9couverte Fontvieille - Luxe Aura Monte-Carlo\",\"isPartOf\":{\"@id\":\"https:\/\/shop.luxeauramontecarlo.com\/#website\"},\"primaryImageOfPage\":{\"@id\":\"https:\/\/shop.luxeauramontecarlo.com\/products\/set-decouverte-fontvieille\/#primaryimage\"},\"image\":{\"@id\":\"https:\/\/shop.luxeauramontecarlo.com\/products\/set-decouverte-fontvieille\/#primaryimage\"},\"thumbnailUrl\":\"https:\/\/shop.luxeauramontecarlo.com\/wp-content\/uploads\/2026\/04\/Fontvielle.jpg\",\"datePublished\":\"2026-04-11T19:03:39+00:00\",\"dateModified\":\"2026-04-20T14:25:36+00:00\",\"breadcrumb\":{\"@id\":\"https:\/\/shop.luxeauramontecarlo.com\/products\/set-decouverte-fontvieille\/#breadcrumb\"},\"inLanguage\":\"fr-FR\",\"potentialAction\":[{\"@type\":\"ReadAction\",\"target\":[\"https:\/\/shop.luxeauramontecarlo.com\/products\/set-decouverte-fontvieille\/\"]}]},{\"@type\":\"ImageObject\",\"inLanguage\":\"fr-FR\",\"@id\":\"https:\/\/shop.luxeauramontecarlo.com\/products\/set-decouverte-fontvieille\/#primaryimage\",\"url\":\"https:\/\/shop.luxeauramontecarlo.com\/wp-content\/uploads\/2026\/04\/Fontvielle.jpg\",\"contentUrl\":\"https:\/\/shop.luxeauramontecarlo.com\/wp-content\/uploads\/2026\/04\/Fontvielle.jpg\",\"width\":1080,\"height\":1080},{\"@type\":\"BreadcrumbList\",\"@id\":\"https:\/\/shop.luxeauramontecarlo.com\/products\/set-decouverte-fontvieille\/#breadcrumb\",\"itemListElement\":[{\"@type\":\"ListItem\",\"position\":1,\"name\":\"Home\",\"item\":\"https:\/\/shop.luxeauramontecarlo.com\/\"},{\"@type\":\"ListItem\",\"position\":2,\"name\":\"Shop\",\"item\":\"https:\/\/shop.luxeauramontecarlo.com\/\"},{\"@type\":\"ListItem\",\"position\":3,\"name\":\"Set D\u00e9couverte Fontvieille\"}]},{\"@type\":\"WebSite\",\"@id\":\"https:\/\/shop.luxeauramontecarlo.com\/#website\",\"url\":\"https:\/\/shop.luxeauramontecarlo.com\/\",\"name\":\"www.luxeauramontecarlo.com\",\"description\":\"\",\"publisher\":{\"@id\":\"https:\/\/shop.luxeauramontecarlo.com\/#organization\"},\"potentialAction\":[{\"@type\":\"SearchAction\",\"target\":{\"@type\":\"EntryPoint\",\"urlTemplate\":\"https:\/\/shop.luxeauramontecarlo.com\/?s={search_term_string}\"},\"query-input\":\"required name=search_term_string\"}],\"inLanguage\":\"fr-FR\"},{\"@type\":\"Organization\",\"@id\":\"https:\/\/shop.luxeauramontecarlo.com\/#organization\",\"name\":\"Luxe Aura\",\"url\":\"https:\/\/shop.luxeauramontecarlo.com\/\",\"logo\":{\"@type\":\"ImageObject\",\"inLanguage\":\"fr-FR\",\"@id\":\"https:\/\/shop.luxeauramontecarlo.com\/#\/schema\/logo\/image\/\",\"url\":\"https:\/\/shop.luxeauramontecarlo.com\/wp-content\/uploads\/2023\/08\/cropped-cropped-cropped-cropped-logo.png\",\"contentUrl\":\"https:\/\/shop.luxeauramontecarlo.com\/wp-content\/uploads\/2023\/08\/cropped-cropped-cropped-cropped-logo.png\",\"width\":500,\"height\":351,\"caption\":\"Luxe Aura\"},\"image\":{\"@id\":\"https:\/\/shop.luxeauramontecarlo.com\/#\/schema\/logo\/image\/\"},\"sameAs\":[\"https:\/\/www.instagram.com\/luxe_aura_montecarlo\"]}]}<\/script>\n<!-- \/ Yoast SEO plugin. -->","yoast_head_json":{"title":"Set D\u00e9couverte Fontvieille - Luxe Aura Monte-Carlo","robots":{"index":"index","follow":"follow","max-snippet":"max-snippet:-1","max-image-preview":"max-image-preview:large","max-video-preview":"max-video-preview:-1"},"canonical":"https:\/\/shop.luxeauramontecarlo.com\/fr\/products\/set-decouverte-fontvieille\/","og_locale":"fr_FR","og_type":"article","og_title":"Set D\u00e9couverte Fontvieille - Luxe Aura Monte-Carlo","og_description":"Five discovery-size treatments, from colloidal gold to hyaluronic acid, for nourished and luminous skin.","og_url":"https:\/\/shop.luxeauramontecarlo.com\/fr\/products\/set-decouverte-fontvieille\/","og_site_name":"Luxe Aura Monte-Carlo","article_modified_time":"2026-04-20T14:25:36+00:00","og_image":[{"width":1080,"height":1080,"url":"https:\/\/shop.luxeauramontecarlo.com\/wp-content\/uploads\/2026\/04\/Fontvielle.jpg","type":"image\/jpeg"}],"twitter_card":"summary_large_image","twitter_misc":{"Dur\u00e9e de lecture estim\u00e9e":"1 minute"},"schema":{"@context":"https:\/\/schema.org","@graph":[{"@type":"WebPage","@id":"https:\/\/shop.luxeauramontecarlo.com\/products\/set-decouverte-fontvieille\/","url":"https:\/\/shop.luxeauramontecarlo.com\/products\/set-decouverte-fontvieille\/","name":"Set D\u00e9couverte Fontvieille - Luxe Aura Monte-Carlo","isPartOf":{"@id":"https:\/\/shop.luxeauramontecarlo.com\/#website"},"primaryImageOfPage":{"@id":"https:\/\/shop.luxeauramontecarlo.com\/products\/set-decouverte-fontvieille\/#primaryimage"},"image":{"@id":"https:\/\/shop.luxeauramontecarlo.com\/products\/set-decouverte-fontvieille\/#primaryimage"},"thumbnailUrl":"https:\/\/shop.luxeauramontecarlo.com\/wp-content\/uploads\/2026\/04\/Fontvielle.jpg","datePublished":"2026-04-11T19:03:39+00:00","dateModified":"2026-04-20T14:25:36+00:00","breadcrumb":{"@id":"https:\/\/shop.luxeauramontecarlo.com\/products\/set-decouverte-fontvieille\/#breadcrumb"},"inLanguage":"fr-FR","potentialAction":[{"@type":"ReadAction","target":["https:\/\/shop.luxeauramontecarlo.com\/products\/set-decouverte-fontvieille\/"]}]},{"@type":"ImageObject","inLanguage":"fr-FR","@id":"https:\/\/shop.luxeauramontecarlo.com\/products\/set-decouverte-fontvieille\/#primaryimage","url":"https:\/\/shop.luxeauramontecarlo.com\/wp-content\/uploads\/2026\/04\/Fontvielle.jpg","contentUrl":"https:\/\/shop.luxeauramontecarlo.com\/wp-content\/uploads\/2026\/04\/Fontvielle.jpg","width":1080,"height":1080},{"@type":"BreadcrumbList","@id":"https:\/\/shop.luxeauramontecarlo.com\/products\/set-decouverte-fontvieille\/#breadcrumb","itemListElement":[{"@type":"ListItem","position":1,"name":"Home","item":"https:\/\/shop.luxeauramontecarlo.com\/"},{"@type":"ListItem","position":2,"name":"Shop","item":"https:\/\/shop.luxeauramontecarlo.com\/"},{"@type":"ListItem","position":3,"name":"Set D\u00e9couverte Fontvieille"}]},{"@type":"WebSite","@id":"https:\/\/shop.luxeauramontecarlo.com\/#website","url":"https:\/\/shop.luxeauramontecarlo.com\/","name":"www.luxeauramontecarlo.com","description":"","publisher":{"@id":"https:\/\/shop.luxeauramontecarlo.com\/#organization"},"potentialAction":[{"@type":"SearchAction","target":{"@type":"EntryPoint","urlTemplate":"https:\/\/shop.luxeauramontecarlo.com\/?s={search_term_string}"},"query-input":"required name=search_term_string"}],"inLanguage":"fr-FR"},{"@type":"Organization","@id":"https:\/\/shop.luxeauramontecarlo.com\/#organization","name":"Luxe Aura","url":"https:\/\/shop.luxeauramontecarlo.com\/","logo":{"@type":"ImageObject","inLanguage":"fr-FR","@id":"https:\/\/shop.luxeauramontecarlo.com\/#\/schema\/logo\/image\/","url":"https:\/\/shop.luxeauramontecarlo.com\/wp-content\/uploads\/2023\/08\/cropped-cropped-cropped-cropped-logo.png","contentUrl":"https:\/\/shop.luxeauramontecarlo.com\/wp-content\/uploads\/2023\/08\/cropped-cropped-cropped-cropped-logo.png","width":500,"height":351,"caption":"Luxe Aura"},"image":{"@id":"https:\/\/shop.luxeauramontecarlo.com\/#\/schema\/logo\/image\/"},"sameAs":["https:\/\/www.instagram.com\/luxe_aura_montecarlo"]}]}},"_links":{"self":[{"href":"https:\/\/shop.luxeauramontecarlo.com\/fr\/wp-json\/wp\/v2\/product\/2955","targetHints":{"allow":["GET"]}}],"collection":[{"href":"https:\/\/shop.luxeauramontecarlo.com\/fr\/wp-json\/wp\/v2\/product"}],"about":[{"href":"https:\/\/shop.luxeauramontecarlo.com\/fr\/wp-json\/wp\/v2\/types\/product"}],"wp:featuredmedia":[{"embeddable":true,"href":"https:\/\/shop.luxeauramontecarlo.com\/fr\/wp-json\/wp\/v2\/media\/2957"}],"wp:attachment":[{"href":"https:\/\/shop.luxeauramontecarlo.com\/fr\/wp-json\/wp\/v2\/media?parent=2955"}],"wp:term":[{"taxonomy":"product_brand","embeddable":true,"href":"https:\/\/shop.luxeauramontecarlo.com\/fr\/wp-json\/wp\/v2\/product_brand?post=2955"},{"taxonomy":"product_cat","embeddable":true,"href":"https:\/\/shop.luxeauramontecarlo.com\/fr\/wp-json\/wp\/v2\/product_cat?post=2955"},{"taxonomy":"product_tag","embeddable":true,"href":"https:\/\/shop.luxeauramontecarlo.com\/fr\/wp-json\/wp\/v2\/product_tag?post=2955"}],"curies":[{"name":"wp","href":"https:\/\/api.w.org\/{rel}","templated":true}]}}