{"id":2949,"date":"2026-04-03T14:16:10","date_gmt":"2026-04-03T12:16:10","guid":{"rendered":"https:\/\/shop.luxeauramontecarlo.com\/?post_type=product&#038;p=2949"},"modified":"2026-04-03T17:07:05","modified_gmt":"2026-04-03T15:07:05","slug":"golden-revive","status":"publish","type":"product","link":"https:\/\/shop.luxeauramontecarlo.com\/fr\/products\/golden-revive\/","title":{"rendered":"Golden Revive"},"content":{"rendered":"<p>Le masque Golden Revive de Luxe Aura combine les bienfaits mill\u00e9naires de l'Or collo\u00efdal avec l\u2019acide hyaluronique, le tout envelopp\u00e9 d\u2019un d\u00e9licat parfum de Rose.<\/p>\n<p>L\u2019or est reconnu pour ses propri\u00e9t\u00e9s r\u00e9g\u00e9n\u00e9rantes exceptionnelles : il stimule la production de collag\u00e8ne pour un effet rajeunissant intense, tout en apportant luminosit\u00e9 et en agissant comme un puissant antioxydant.<\/p>\n<p>Con\u00e7u pour les plus exigeants, ce soin sublime votre rituel de beaut\u00e9 et s\u2019adresse \u00e0 ceux qui recherchent l\u2019exceptionnel. Chaque application encourage la r\u00e9g\u00e9n\u00e9ration cellulaire, r\u00e9v\u00e9lant une peau jeune et fra\u00eeche d\u00e8s les premi\u00e8res utilisations.<\/p>\n<p>Con\u00e7u pour rajeunir et raviver l'\u00e9clat naturel de la peau, le masque Golden Revive offre une exp\u00e9rience sensorielle qui laisse le teint radieux et revitalis\u00e9.<\/p>\n<p><strong>MODE D\u2019EMPLOI:<\/strong> Appliquer le masque uniform\u00e9ment sur la peau propre et s\u00e8che. Laisser poser une quinzaine de minutes. Enlever l\u2019exc\u00e8s en tapotant avec une \u00e9ponge. Appliquer deux fois par semaine.<\/p>","protected":false},"excerpt":{"rendered":"<p>The Luxe Aura Golden Revive mask combines the ancient power of colloidal gold with hyaluronic acid, all wrapped in a delicate Rose fragrance. Gold is known for its exceptional regenerating properties; it stimulates collagen production for an intense rejuvenating effect, while providing luminosity and acting as a powerful antioxidant. Designed for the most demanding customers, [&hellip;]<\/p>","protected":false},"featured_media":2924,"template":"","meta":{"site-sidebar-layout":"default","site-content-layout":"","ast-site-content-layout":"default","site-content-style":"default","site-sidebar-style":"default","ast-global-header-display":"","ast-banner-title-visibility":"","ast-main-header-display":"","ast-hfb-above-header-display":"","ast-hfb-below-header-display":"","ast-hfb-mobile-header-display":"","site-post-title":"","ast-breadcrumbs-content":"","ast-featured-img":"","footer-sml-layout":"","theme-transparent-header-meta":"default","adv-header-id-meta":"","stick-header-meta":"","header-above-stick-meta":"","header-main-stick-meta":"","header-below-stick-meta":"","astra-migrate-meta-layouts":"set","ast-page-background-enabled":"default","ast-page-background-meta":{"desktop":{"background-color":"","background-image":"","background-repeat":"repeat","background-position":"center center","background-size":"auto","background-attachment":"scroll","background-type":"","background-media":"","overlay-type":"","overlay-color":"","overlay-opacity":"","overlay-gradient":""},"tablet":{"background-color":"","background-image":"","background-repeat":"repeat","background-position":"center center","background-size":"auto","background-attachment":"scroll","background-type":"","background-media":"","overlay-type":"","overlay-color":"","overlay-opacity":"","overlay-gradient":""},"mobile":{"background-color":"","background-image":"","background-repeat":"repeat","background-position":"center center","background-size":"auto","background-attachment":"scroll","background-type":"","background-media":"","overlay-type":"","overlay-color":"","overlay-opacity":"","overlay-gradient":""}},"ast-content-background-meta":{"desktop":{"background-color":"var(--ast-global-color-5)","background-image":"","background-repeat":"repeat","background-position":"center center","background-size":"auto","background-attachment":"scroll","background-type":"","background-media":"","overlay-type":"","overlay-color":"","overlay-opacity":"","overlay-gradient":""},"tablet":{"background-color":"var(--ast-global-color-5)","background-image":"","background-repeat":"repeat","background-position":"center center","background-size":"auto","background-attachment":"scroll","background-type":"","background-media":"","overlay-type":"","overlay-color":"","overlay-opacity":"","overlay-gradient":""},"mobile":{"background-color":"var(--ast-global-color-5)","background-image":"","background-repeat":"repeat","background-position":"center center","background-size":"auto","background-attachment":"scroll","background-type":"","background-media":"","overlay-type":"","overlay-color":"","overlay-opacity":"","overlay-gradient":""}}},"product_brand":[64],"product_cat":[57],"product_tag":[],"class_list":{"0":"post-2949","1":"product","2":"type-product","3":"status-publish","4":"has-post-thumbnail","6":"product_brand-luxe-aura-monte-carlo","7":"product_cat-mask","8":"desktop-align-left","9":"tablet-align-left","10":"mobile-align-left","12":"first","13":"instock","14":"shipping-taxable","15":"purchasable","16":"product-type-simple","17":"add-to-wishlist-before_image"},"yoast_head":"<!-- This site is optimized with the Yoast SEO plugin v22.7 - https:\/\/yoast.com\/wordpress\/plugins\/seo\/ -->\n<title>Golden Revive - Luxe Aura Monte-Carlo<\/title>\n<meta name=\"robots\" content=\"index, follow, max-snippet:-1, max-image-preview:large, max-video-preview:-1\" \/>\n<link rel=\"canonical\" href=\"https:\/\/shop.luxeauramontecarlo.com\/fr\/products\/golden-revive\/\" \/>\n<meta property=\"og:locale\" content=\"fr_FR\" \/>\n<meta property=\"og:type\" content=\"article\" \/>\n<meta property=\"og:title\" content=\"Golden Revive - Luxe Aura Monte-Carlo\" \/>\n<meta property=\"og:description\" content=\"The Luxe Aura Golden Revive mask combines the ancient power of colloidal gold with hyaluronic acid, all wrapped in a delicate Rose fragrance. Gold is known for its exceptional regenerating properties; it stimulates collagen production for an intense rejuvenating effect, while providing luminosity and acting as a powerful antioxidant. Designed for the most demanding customers, [&hellip;]\" \/>\n<meta property=\"og:url\" content=\"https:\/\/shop.luxeauramontecarlo.com\/fr\/products\/golden-revive\/\" \/>\n<meta property=\"og:site_name\" content=\"Luxe Aura Monte-Carlo\" \/>\n<meta property=\"article:modified_time\" content=\"2026-04-03T15:07:05+00:00\" \/>\n<meta property=\"og:image\" content=\"https:\/\/shop.luxeauramontecarlo.com\/wp-content\/uploads\/2024\/05\/Golden-Revive.jpeg\" \/>\n\t<meta property=\"og:image:width\" content=\"1080\" \/>\n\t<meta property=\"og:image:height\" content=\"1080\" \/>\n\t<meta property=\"og:image:type\" content=\"image\/jpeg\" \/>\n<meta name=\"twitter:card\" content=\"summary_large_image\" \/>\n<meta name=\"twitter:label1\" content=\"Dur\u00e9e de lecture estim\u00e9e\" \/>\n\t<meta name=\"twitter:data1\" content=\"1 minute\" \/>\n<script type=\"application\/ld+json\" class=\"yoast-schema-graph\">{\"@context\":\"https:\/\/schema.org\",\"@graph\":[{\"@type\":\"WebPage\",\"@id\":\"https:\/\/shop.luxeauramontecarlo.com\/products\/golden-revive\/\",\"url\":\"https:\/\/shop.luxeauramontecarlo.com\/products\/golden-revive\/\",\"name\":\"Golden Revive - Luxe Aura Monte-Carlo\",\"isPartOf\":{\"@id\":\"https:\/\/shop.luxeauramontecarlo.com\/#website\"},\"primaryImageOfPage\":{\"@id\":\"https:\/\/shop.luxeauramontecarlo.com\/products\/golden-revive\/#primaryimage\"},\"image\":{\"@id\":\"https:\/\/shop.luxeauramontecarlo.com\/products\/golden-revive\/#primaryimage\"},\"thumbnailUrl\":\"https:\/\/shop.luxeauramontecarlo.com\/wp-content\/uploads\/2024\/05\/Golden-Revive.jpeg\",\"datePublished\":\"2026-04-03T12:16:10+00:00\",\"dateModified\":\"2026-04-03T15:07:05+00:00\",\"breadcrumb\":{\"@id\":\"https:\/\/shop.luxeauramontecarlo.com\/products\/golden-revive\/#breadcrumb\"},\"inLanguage\":\"fr-FR\",\"potentialAction\":[{\"@type\":\"ReadAction\",\"target\":[\"https:\/\/shop.luxeauramontecarlo.com\/products\/golden-revive\/\"]}]},{\"@type\":\"ImageObject\",\"inLanguage\":\"fr-FR\",\"@id\":\"https:\/\/shop.luxeauramontecarlo.com\/products\/golden-revive\/#primaryimage\",\"url\":\"https:\/\/shop.luxeauramontecarlo.com\/wp-content\/uploads\/2024\/05\/Golden-Revive.jpeg\",\"contentUrl\":\"https:\/\/shop.luxeauramontecarlo.com\/wp-content\/uploads\/2024\/05\/Golden-Revive.jpeg\",\"width\":1080,\"height\":1080},{\"@type\":\"BreadcrumbList\",\"@id\":\"https:\/\/shop.luxeauramontecarlo.com\/products\/golden-revive\/#breadcrumb\",\"itemListElement\":[{\"@type\":\"ListItem\",\"position\":1,\"name\":\"Home\",\"item\":\"https:\/\/shop.luxeauramontecarlo.com\/\"},{\"@type\":\"ListItem\",\"position\":2,\"name\":\"Shop\",\"item\":\"https:\/\/shop.luxeauramontecarlo.com\/\"},{\"@type\":\"ListItem\",\"position\":3,\"name\":\"Golden Revive\"}]},{\"@type\":\"WebSite\",\"@id\":\"https:\/\/shop.luxeauramontecarlo.com\/#website\",\"url\":\"https:\/\/shop.luxeauramontecarlo.com\/\",\"name\":\"www.luxeauramontecarlo.com\",\"description\":\"\",\"publisher\":{\"@id\":\"https:\/\/shop.luxeauramontecarlo.com\/#organization\"},\"potentialAction\":[{\"@type\":\"SearchAction\",\"target\":{\"@type\":\"EntryPoint\",\"urlTemplate\":\"https:\/\/shop.luxeauramontecarlo.com\/?s={search_term_string}\"},\"query-input\":\"required name=search_term_string\"}],\"inLanguage\":\"fr-FR\"},{\"@type\":\"Organization\",\"@id\":\"https:\/\/shop.luxeauramontecarlo.com\/#organization\",\"name\":\"Luxe Aura\",\"url\":\"https:\/\/shop.luxeauramontecarlo.com\/\",\"logo\":{\"@type\":\"ImageObject\",\"inLanguage\":\"fr-FR\",\"@id\":\"https:\/\/shop.luxeauramontecarlo.com\/#\/schema\/logo\/image\/\",\"url\":\"https:\/\/shop.luxeauramontecarlo.com\/wp-content\/uploads\/2023\/08\/cropped-cropped-cropped-cropped-logo.png\",\"contentUrl\":\"https:\/\/shop.luxeauramontecarlo.com\/wp-content\/uploads\/2023\/08\/cropped-cropped-cropped-cropped-logo.png\",\"width\":500,\"height\":351,\"caption\":\"Luxe Aura\"},\"image\":{\"@id\":\"https:\/\/shop.luxeauramontecarlo.com\/#\/schema\/logo\/image\/\"},\"sameAs\":[\"https:\/\/www.instagram.com\/luxe_aura_montecarlo\"]}]}<\/script>\n<!-- \/ Yoast SEO plugin. -->","yoast_head_json":{"title":"Golden Revive - Luxe Aura Monte-Carlo","robots":{"index":"index","follow":"follow","max-snippet":"max-snippet:-1","max-image-preview":"max-image-preview:large","max-video-preview":"max-video-preview:-1"},"canonical":"https:\/\/shop.luxeauramontecarlo.com\/fr\/products\/golden-revive\/","og_locale":"fr_FR","og_type":"article","og_title":"Golden Revive - Luxe Aura Monte-Carlo","og_description":"The Luxe Aura Golden Revive mask combines the ancient power of colloidal gold with hyaluronic acid, all wrapped in a delicate Rose fragrance. Gold is known for its exceptional regenerating properties; it stimulates collagen production for an intense rejuvenating effect, while providing luminosity and acting as a powerful antioxidant. Designed for the most demanding customers, [&hellip;]","og_url":"https:\/\/shop.luxeauramontecarlo.com\/fr\/products\/golden-revive\/","og_site_name":"Luxe Aura Monte-Carlo","article_modified_time":"2026-04-03T15:07:05+00:00","og_image":[{"width":1080,"height":1080,"url":"https:\/\/shop.luxeauramontecarlo.com\/wp-content\/uploads\/2024\/05\/Golden-Revive.jpeg","type":"image\/jpeg"}],"twitter_card":"summary_large_image","twitter_misc":{"Dur\u00e9e de lecture estim\u00e9e":"1 minute"},"schema":{"@context":"https:\/\/schema.org","@graph":[{"@type":"WebPage","@id":"https:\/\/shop.luxeauramontecarlo.com\/products\/golden-revive\/","url":"https:\/\/shop.luxeauramontecarlo.com\/products\/golden-revive\/","name":"Golden Revive - Luxe Aura Monte-Carlo","isPartOf":{"@id":"https:\/\/shop.luxeauramontecarlo.com\/#website"},"primaryImageOfPage":{"@id":"https:\/\/shop.luxeauramontecarlo.com\/products\/golden-revive\/#primaryimage"},"image":{"@id":"https:\/\/shop.luxeauramontecarlo.com\/products\/golden-revive\/#primaryimage"},"thumbnailUrl":"https:\/\/shop.luxeauramontecarlo.com\/wp-content\/uploads\/2024\/05\/Golden-Revive.jpeg","datePublished":"2026-04-03T12:16:10+00:00","dateModified":"2026-04-03T15:07:05+00:00","breadcrumb":{"@id":"https:\/\/shop.luxeauramontecarlo.com\/products\/golden-revive\/#breadcrumb"},"inLanguage":"fr-FR","potentialAction":[{"@type":"ReadAction","target":["https:\/\/shop.luxeauramontecarlo.com\/products\/golden-revive\/"]}]},{"@type":"ImageObject","inLanguage":"fr-FR","@id":"https:\/\/shop.luxeauramontecarlo.com\/products\/golden-revive\/#primaryimage","url":"https:\/\/shop.luxeauramontecarlo.com\/wp-content\/uploads\/2024\/05\/Golden-Revive.jpeg","contentUrl":"https:\/\/shop.luxeauramontecarlo.com\/wp-content\/uploads\/2024\/05\/Golden-Revive.jpeg","width":1080,"height":1080},{"@type":"BreadcrumbList","@id":"https:\/\/shop.luxeauramontecarlo.com\/products\/golden-revive\/#breadcrumb","itemListElement":[{"@type":"ListItem","position":1,"name":"Home","item":"https:\/\/shop.luxeauramontecarlo.com\/"},{"@type":"ListItem","position":2,"name":"Shop","item":"https:\/\/shop.luxeauramontecarlo.com\/"},{"@type":"ListItem","position":3,"name":"Golden Revive"}]},{"@type":"WebSite","@id":"https:\/\/shop.luxeauramontecarlo.com\/#website","url":"https:\/\/shop.luxeauramontecarlo.com\/","name":"www.luxeauramontecarlo.com","description":"","publisher":{"@id":"https:\/\/shop.luxeauramontecarlo.com\/#organization"},"potentialAction":[{"@type":"SearchAction","target":{"@type":"EntryPoint","urlTemplate":"https:\/\/shop.luxeauramontecarlo.com\/?s={search_term_string}"},"query-input":"required name=search_term_string"}],"inLanguage":"fr-FR"},{"@type":"Organization","@id":"https:\/\/shop.luxeauramontecarlo.com\/#organization","name":"Luxe Aura","url":"https:\/\/shop.luxeauramontecarlo.com\/","logo":{"@type":"ImageObject","inLanguage":"fr-FR","@id":"https:\/\/shop.luxeauramontecarlo.com\/#\/schema\/logo\/image\/","url":"https:\/\/shop.luxeauramontecarlo.com\/wp-content\/uploads\/2023\/08\/cropped-cropped-cropped-cropped-logo.png","contentUrl":"https:\/\/shop.luxeauramontecarlo.com\/wp-content\/uploads\/2023\/08\/cropped-cropped-cropped-cropped-logo.png","width":500,"height":351,"caption":"Luxe Aura"},"image":{"@id":"https:\/\/shop.luxeauramontecarlo.com\/#\/schema\/logo\/image\/"},"sameAs":["https:\/\/www.instagram.com\/luxe_aura_montecarlo"]}]}},"_links":{"self":[{"href":"https:\/\/shop.luxeauramontecarlo.com\/fr\/wp-json\/wp\/v2\/product\/2949","targetHints":{"allow":["GET"]}}],"collection":[{"href":"https:\/\/shop.luxeauramontecarlo.com\/fr\/wp-json\/wp\/v2\/product"}],"about":[{"href":"https:\/\/shop.luxeauramontecarlo.com\/fr\/wp-json\/wp\/v2\/types\/product"}],"wp:featuredmedia":[{"embeddable":true,"href":"https:\/\/shop.luxeauramontecarlo.com\/fr\/wp-json\/wp\/v2\/media\/2924"}],"wp:attachment":[{"href":"https:\/\/shop.luxeauramontecarlo.com\/fr\/wp-json\/wp\/v2\/media?parent=2949"}],"wp:term":[{"taxonomy":"product_brand","embeddable":true,"href":"https:\/\/shop.luxeauramontecarlo.com\/fr\/wp-json\/wp\/v2\/product_brand?post=2949"},{"taxonomy":"product_cat","embeddable":true,"href":"https:\/\/shop.luxeauramontecarlo.com\/fr\/wp-json\/wp\/v2\/product_cat?post=2949"},{"taxonomy":"product_tag","embeddable":true,"href":"https:\/\/shop.luxeauramontecarlo.com\/fr\/wp-json\/wp\/v2\/product_tag?post=2949"}],"curies":[{"name":"wp","href":"https:\/\/api.w.org\/{rel}","templated":true}]}}