{"id":2948,"date":"2026-04-03T12:26:53","date_gmt":"2026-04-03T10:26:53","guid":{"rendered":"https:\/\/shop.luxeauramontecarlo.com\/?post_type=product&#038;p=2948"},"modified":"2026-04-03T17:18:04","modified_gmt":"2026-04-03T15:18:04","slug":"ialu-rigenera","status":"publish","type":"product","link":"https:\/\/shop.luxeauramontecarlo.com\/fr\/products\/ialu-rigenera\/","title":{"rendered":"Ialu Rigenera"},"content":{"rendered":"<p>Le s\u00e9rum Ialu Rigenera est \u00e0 base d\u2019hyaluronate de sodium, d\u2019extrait de Camellia sinensis et de Cellules Souches V\u00e9g\u00e9tales extraites de raisins non m\u00fbrs (technologie G-CELL).<\/p>\n<p>Il exploite la vitalit\u00e9 et le haut pouvoir r\u00e9g\u00e9n\u00e9rant typique des petites mol\u00e9cules en croissance extraites des petits grains.<\/p>\n<p>Il est formul\u00e9 comme un agent anti-\u00e2ge qui agit en profondeur, en participant \u00e0 la r\u00e9g\u00e9n\u00e9ration de l'\u00e9piderme.<\/p>\n<p>Il s'oppose \u00e0 l'oxydation caus\u00e9e par les radicaux libres, lisse les petites rides et affine le grain de l'\u00e9piderme, en la nourrissant et la lissant. Con\u00e7u pour ceux qui veulent une texture fra\u00eeche et extr\u00eamement absorbable.<\/p>\n<p><strong>MODE D\u2019EMPLOI:<\/strong> Appliquer le s\u00e9rum sur le visage, le cou et le d\u00e9collet\u00e9 propres et secs, en \u00e9vitant le contact direct avec les yeux et en insistant sur les zones qui n\u00e9cessitent plus de soins. \u00c9taler doucement du bout des doigts, en mouvements circulaires vers le haut, jusqu\u2019\u00e0 son absorption compl\u00e8te. Utiliser le matin et le soir.<\/p>","protected":false},"excerpt":{"rendered":"<p>The Ialu Rigenera serum is based on sodium hyaluronate, Camellia sinensis extract and Plant Stem Cells extracted from unripe grapes (G-CELL cosmetic technology), exploits the vitality and high regenerating power typical of small growing molecules extracted from small grapes. It is a serum formulated as an anti-aging agent that acts in depth, intervening in the [&hellip;]<\/p>","protected":false},"featured_media":2919,"template":"","meta":{"site-sidebar-layout":"default","site-content-layout":"","ast-site-content-layout":"default","site-content-style":"default","site-sidebar-style":"default","ast-global-header-display":"","ast-banner-title-visibility":"","ast-main-header-display":"","ast-hfb-above-header-display":"","ast-hfb-below-header-display":"","ast-hfb-mobile-header-display":"","site-post-title":"","ast-breadcrumbs-content":"","ast-featured-img":"","footer-sml-layout":"","theme-transparent-header-meta":"default","adv-header-id-meta":"","stick-header-meta":"","header-above-stick-meta":"","header-main-stick-meta":"","header-below-stick-meta":"","astra-migrate-meta-layouts":"set","ast-page-background-enabled":"default","ast-page-background-meta":{"desktop":{"background-color":"","background-image":"","background-repeat":"repeat","background-position":"center center","background-size":"auto","background-attachment":"scroll","background-type":"","background-media":"","overlay-type":"","overlay-color":"","overlay-opacity":"","overlay-gradient":""},"tablet":{"background-color":"","background-image":"","background-repeat":"repeat","background-position":"center center","background-size":"auto","background-attachment":"scroll","background-type":"","background-media":"","overlay-type":"","overlay-color":"","overlay-opacity":"","overlay-gradient":""},"mobile":{"background-color":"","background-image":"","background-repeat":"repeat","background-position":"center center","background-size":"auto","background-attachment":"scroll","background-type":"","background-media":"","overlay-type":"","overlay-color":"","overlay-opacity":"","overlay-gradient":""}},"ast-content-background-meta":{"desktop":{"background-color":"var(--ast-global-color-5)","background-image":"","background-repeat":"repeat","background-position":"center center","background-size":"auto","background-attachment":"scroll","background-type":"","background-media":"","overlay-type":"","overlay-color":"","overlay-opacity":"","overlay-gradient":""},"tablet":{"background-color":"var(--ast-global-color-5)","background-image":"","background-repeat":"repeat","background-position":"center center","background-size":"auto","background-attachment":"scroll","background-type":"","background-media":"","overlay-type":"","overlay-color":"","overlay-opacity":"","overlay-gradient":""},"mobile":{"background-color":"var(--ast-global-color-5)","background-image":"","background-repeat":"repeat","background-position":"center center","background-size":"auto","background-attachment":"scroll","background-type":"","background-media":"","overlay-type":"","overlay-color":"","overlay-opacity":"","overlay-gradient":""}}},"product_brand":[64],"product_cat":[59],"product_tag":[],"class_list":{"0":"post-2948","1":"product","2":"type-product","3":"status-publish","4":"has-post-thumbnail","6":"product_brand-luxe-aura-monte-carlo","7":"product_cat-serum","8":"desktop-align-left","9":"tablet-align-left","10":"mobile-align-left","12":"first","13":"instock","14":"shipping-taxable","15":"purchasable","16":"product-type-simple","17":"add-to-wishlist-before_image"},"yoast_head":"<!-- This site is optimized with the Yoast SEO plugin v22.7 - https:\/\/yoast.com\/wordpress\/plugins\/seo\/ -->\n<title>Ialu Rigenera - Luxe Aura Monte-Carlo<\/title>\n<meta name=\"robots\" content=\"index, follow, max-snippet:-1, max-image-preview:large, max-video-preview:-1\" \/>\n<link rel=\"canonical\" href=\"https:\/\/shop.luxeauramontecarlo.com\/fr\/products\/ialu-rigenera\/\" \/>\n<meta property=\"og:locale\" content=\"fr_FR\" \/>\n<meta property=\"og:type\" content=\"article\" \/>\n<meta property=\"og:title\" content=\"Ialu Rigenera - Luxe Aura Monte-Carlo\" \/>\n<meta property=\"og:description\" content=\"The Ialu Rigenera serum is based on sodium hyaluronate, Camellia sinensis extract and Plant Stem Cells extracted from unripe grapes (G-CELL cosmetic technology), exploits the vitality and high regenerating power typical of small growing molecules extracted from small grapes. It is a serum formulated as an anti-aging agent that acts in depth, intervening in the [&hellip;]\" \/>\n<meta property=\"og:url\" content=\"https:\/\/shop.luxeauramontecarlo.com\/fr\/products\/ialu-rigenera\/\" \/>\n<meta property=\"og:site_name\" content=\"Luxe Aura Monte-Carlo\" \/>\n<meta property=\"article:modified_time\" content=\"2026-04-03T15:18:04+00:00\" \/>\n<meta property=\"og:image\" content=\"https:\/\/shop.luxeauramontecarlo.com\/wp-content\/uploads\/2024\/07\/Ialu-rigenera.jpeg\" \/>\n\t<meta property=\"og:image:width\" content=\"1080\" \/>\n\t<meta property=\"og:image:height\" content=\"1080\" \/>\n\t<meta property=\"og:image:type\" content=\"image\/jpeg\" \/>\n<meta name=\"twitter:card\" content=\"summary_large_image\" \/>\n<meta name=\"twitter:label1\" content=\"Dur\u00e9e de lecture estim\u00e9e\" \/>\n\t<meta name=\"twitter:data1\" content=\"1 minute\" \/>\n<script type=\"application\/ld+json\" class=\"yoast-schema-graph\">{\"@context\":\"https:\/\/schema.org\",\"@graph\":[{\"@type\":\"WebPage\",\"@id\":\"https:\/\/shop.luxeauramontecarlo.com\/products\/ialu-rigenera\/\",\"url\":\"https:\/\/shop.luxeauramontecarlo.com\/products\/ialu-rigenera\/\",\"name\":\"Ialu Rigenera - Luxe Aura Monte-Carlo\",\"isPartOf\":{\"@id\":\"https:\/\/shop.luxeauramontecarlo.com\/#website\"},\"primaryImageOfPage\":{\"@id\":\"https:\/\/shop.luxeauramontecarlo.com\/products\/ialu-rigenera\/#primaryimage\"},\"image\":{\"@id\":\"https:\/\/shop.luxeauramontecarlo.com\/products\/ialu-rigenera\/#primaryimage\"},\"thumbnailUrl\":\"https:\/\/shop.luxeauramontecarlo.com\/wp-content\/uploads\/2024\/07\/Ialu-rigenera.jpeg\",\"datePublished\":\"2026-04-03T10:26:53+00:00\",\"dateModified\":\"2026-04-03T15:18:04+00:00\",\"breadcrumb\":{\"@id\":\"https:\/\/shop.luxeauramontecarlo.com\/products\/ialu-rigenera\/#breadcrumb\"},\"inLanguage\":\"fr-FR\",\"potentialAction\":[{\"@type\":\"ReadAction\",\"target\":[\"https:\/\/shop.luxeauramontecarlo.com\/products\/ialu-rigenera\/\"]}]},{\"@type\":\"ImageObject\",\"inLanguage\":\"fr-FR\",\"@id\":\"https:\/\/shop.luxeauramontecarlo.com\/products\/ialu-rigenera\/#primaryimage\",\"url\":\"https:\/\/shop.luxeauramontecarlo.com\/wp-content\/uploads\/2024\/07\/Ialu-rigenera.jpeg\",\"contentUrl\":\"https:\/\/shop.luxeauramontecarlo.com\/wp-content\/uploads\/2024\/07\/Ialu-rigenera.jpeg\",\"width\":1080,\"height\":1080},{\"@type\":\"BreadcrumbList\",\"@id\":\"https:\/\/shop.luxeauramontecarlo.com\/products\/ialu-rigenera\/#breadcrumb\",\"itemListElement\":[{\"@type\":\"ListItem\",\"position\":1,\"name\":\"Home\",\"item\":\"https:\/\/shop.luxeauramontecarlo.com\/\"},{\"@type\":\"ListItem\",\"position\":2,\"name\":\"Shop\",\"item\":\"https:\/\/shop.luxeauramontecarlo.com\/\"},{\"@type\":\"ListItem\",\"position\":3,\"name\":\"Ialu Rigenera\"}]},{\"@type\":\"WebSite\",\"@id\":\"https:\/\/shop.luxeauramontecarlo.com\/#website\",\"url\":\"https:\/\/shop.luxeauramontecarlo.com\/\",\"name\":\"www.luxeauramontecarlo.com\",\"description\":\"\",\"publisher\":{\"@id\":\"https:\/\/shop.luxeauramontecarlo.com\/#organization\"},\"potentialAction\":[{\"@type\":\"SearchAction\",\"target\":{\"@type\":\"EntryPoint\",\"urlTemplate\":\"https:\/\/shop.luxeauramontecarlo.com\/?s={search_term_string}\"},\"query-input\":\"required name=search_term_string\"}],\"inLanguage\":\"fr-FR\"},{\"@type\":\"Organization\",\"@id\":\"https:\/\/shop.luxeauramontecarlo.com\/#organization\",\"name\":\"Luxe Aura\",\"url\":\"https:\/\/shop.luxeauramontecarlo.com\/\",\"logo\":{\"@type\":\"ImageObject\",\"inLanguage\":\"fr-FR\",\"@id\":\"https:\/\/shop.luxeauramontecarlo.com\/#\/schema\/logo\/image\/\",\"url\":\"https:\/\/shop.luxeauramontecarlo.com\/wp-content\/uploads\/2023\/08\/cropped-cropped-cropped-cropped-logo.png\",\"contentUrl\":\"https:\/\/shop.luxeauramontecarlo.com\/wp-content\/uploads\/2023\/08\/cropped-cropped-cropped-cropped-logo.png\",\"width\":500,\"height\":351,\"caption\":\"Luxe Aura\"},\"image\":{\"@id\":\"https:\/\/shop.luxeauramontecarlo.com\/#\/schema\/logo\/image\/\"},\"sameAs\":[\"https:\/\/www.instagram.com\/luxe_aura_montecarlo\"]}]}<\/script>\n<!-- \/ Yoast SEO plugin. -->","yoast_head_json":{"title":"Ialu Rigenera - Luxe Aura Monte-Carlo","robots":{"index":"index","follow":"follow","max-snippet":"max-snippet:-1","max-image-preview":"max-image-preview:large","max-video-preview":"max-video-preview:-1"},"canonical":"https:\/\/shop.luxeauramontecarlo.com\/fr\/products\/ialu-rigenera\/","og_locale":"fr_FR","og_type":"article","og_title":"Ialu Rigenera - Luxe Aura Monte-Carlo","og_description":"The Ialu Rigenera serum is based on sodium hyaluronate, Camellia sinensis extract and Plant Stem Cells extracted from unripe grapes (G-CELL cosmetic technology), exploits the vitality and high regenerating power typical of small growing molecules extracted from small grapes. It is a serum formulated as an anti-aging agent that acts in depth, intervening in the [&hellip;]","og_url":"https:\/\/shop.luxeauramontecarlo.com\/fr\/products\/ialu-rigenera\/","og_site_name":"Luxe Aura Monte-Carlo","article_modified_time":"2026-04-03T15:18:04+00:00","og_image":[{"width":1080,"height":1080,"url":"https:\/\/shop.luxeauramontecarlo.com\/wp-content\/uploads\/2024\/07\/Ialu-rigenera.jpeg","type":"image\/jpeg"}],"twitter_card":"summary_large_image","twitter_misc":{"Dur\u00e9e de lecture estim\u00e9e":"1 minute"},"schema":{"@context":"https:\/\/schema.org","@graph":[{"@type":"WebPage","@id":"https:\/\/shop.luxeauramontecarlo.com\/products\/ialu-rigenera\/","url":"https:\/\/shop.luxeauramontecarlo.com\/products\/ialu-rigenera\/","name":"Ialu Rigenera - Luxe Aura Monte-Carlo","isPartOf":{"@id":"https:\/\/shop.luxeauramontecarlo.com\/#website"},"primaryImageOfPage":{"@id":"https:\/\/shop.luxeauramontecarlo.com\/products\/ialu-rigenera\/#primaryimage"},"image":{"@id":"https:\/\/shop.luxeauramontecarlo.com\/products\/ialu-rigenera\/#primaryimage"},"thumbnailUrl":"https:\/\/shop.luxeauramontecarlo.com\/wp-content\/uploads\/2024\/07\/Ialu-rigenera.jpeg","datePublished":"2026-04-03T10:26:53+00:00","dateModified":"2026-04-03T15:18:04+00:00","breadcrumb":{"@id":"https:\/\/shop.luxeauramontecarlo.com\/products\/ialu-rigenera\/#breadcrumb"},"inLanguage":"fr-FR","potentialAction":[{"@type":"ReadAction","target":["https:\/\/shop.luxeauramontecarlo.com\/products\/ialu-rigenera\/"]}]},{"@type":"ImageObject","inLanguage":"fr-FR","@id":"https:\/\/shop.luxeauramontecarlo.com\/products\/ialu-rigenera\/#primaryimage","url":"https:\/\/shop.luxeauramontecarlo.com\/wp-content\/uploads\/2024\/07\/Ialu-rigenera.jpeg","contentUrl":"https:\/\/shop.luxeauramontecarlo.com\/wp-content\/uploads\/2024\/07\/Ialu-rigenera.jpeg","width":1080,"height":1080},{"@type":"BreadcrumbList","@id":"https:\/\/shop.luxeauramontecarlo.com\/products\/ialu-rigenera\/#breadcrumb","itemListElement":[{"@type":"ListItem","position":1,"name":"Home","item":"https:\/\/shop.luxeauramontecarlo.com\/"},{"@type":"ListItem","position":2,"name":"Shop","item":"https:\/\/shop.luxeauramontecarlo.com\/"},{"@type":"ListItem","position":3,"name":"Ialu Rigenera"}]},{"@type":"WebSite","@id":"https:\/\/shop.luxeauramontecarlo.com\/#website","url":"https:\/\/shop.luxeauramontecarlo.com\/","name":"www.luxeauramontecarlo.com","description":"","publisher":{"@id":"https:\/\/shop.luxeauramontecarlo.com\/#organization"},"potentialAction":[{"@type":"SearchAction","target":{"@type":"EntryPoint","urlTemplate":"https:\/\/shop.luxeauramontecarlo.com\/?s={search_term_string}"},"query-input":"required name=search_term_string"}],"inLanguage":"fr-FR"},{"@type":"Organization","@id":"https:\/\/shop.luxeauramontecarlo.com\/#organization","name":"Luxe Aura","url":"https:\/\/shop.luxeauramontecarlo.com\/","logo":{"@type":"ImageObject","inLanguage":"fr-FR","@id":"https:\/\/shop.luxeauramontecarlo.com\/#\/schema\/logo\/image\/","url":"https:\/\/shop.luxeauramontecarlo.com\/wp-content\/uploads\/2023\/08\/cropped-cropped-cropped-cropped-logo.png","contentUrl":"https:\/\/shop.luxeauramontecarlo.com\/wp-content\/uploads\/2023\/08\/cropped-cropped-cropped-cropped-logo.png","width":500,"height":351,"caption":"Luxe Aura"},"image":{"@id":"https:\/\/shop.luxeauramontecarlo.com\/#\/schema\/logo\/image\/"},"sameAs":["https:\/\/www.instagram.com\/luxe_aura_montecarlo"]}]}},"_links":{"self":[{"href":"https:\/\/shop.luxeauramontecarlo.com\/fr\/wp-json\/wp\/v2\/product\/2948","targetHints":{"allow":["GET"]}}],"collection":[{"href":"https:\/\/shop.luxeauramontecarlo.com\/fr\/wp-json\/wp\/v2\/product"}],"about":[{"href":"https:\/\/shop.luxeauramontecarlo.com\/fr\/wp-json\/wp\/v2\/types\/product"}],"wp:featuredmedia":[{"embeddable":true,"href":"https:\/\/shop.luxeauramontecarlo.com\/fr\/wp-json\/wp\/v2\/media\/2919"}],"wp:attachment":[{"href":"https:\/\/shop.luxeauramontecarlo.com\/fr\/wp-json\/wp\/v2\/media?parent=2948"}],"wp:term":[{"taxonomy":"product_brand","embeddable":true,"href":"https:\/\/shop.luxeauramontecarlo.com\/fr\/wp-json\/wp\/v2\/product_brand?post=2948"},{"taxonomy":"product_cat","embeddable":true,"href":"https:\/\/shop.luxeauramontecarlo.com\/fr\/wp-json\/wp\/v2\/product_cat?post=2948"},{"taxonomy":"product_tag","embeddable":true,"href":"https:\/\/shop.luxeauramontecarlo.com\/fr\/wp-json\/wp\/v2\/product_tag?post=2948"}],"curies":[{"name":"wp","href":"https:\/\/api.w.org\/{rel}","templated":true}]}}