{"id":2207,"date":"2024-07-15T12:24:40","date_gmt":"2024-07-15T10:24:40","guid":{"rendered":"https:\/\/shop.luxeauramontecarlo.com\/?post_type=product&#038;p=2207"},"modified":"2026-04-03T10:30:52","modified_gmt":"2026-04-03T08:30:52","slug":"rigenera","status":"publish","type":"product","link":"https:\/\/shop.luxeauramontecarlo.com\/fr\/products\/rigenera\/","title":{"rendered":"Rigenera"},"content":{"rendered":"<p>La force r\u00e9g\u00e9n\u00e9rante de la nature sur votre peau, active pendant plus de six heures apr\u00e8s l'application.<\/p>\n<p>Regenerate Cream is a potent, high-performance treatment crafted to leverage the regenerative capabilities of nature.<\/p>\n<p>Central to this formulation is G-Cell technology, composed of plant stem cells extracted from unripe grapes.<\/p>\n<p>These cells, highly vital and active, which synergistically interact with advanced ingredients to rejuvenate, tone, and refresh the skin.<\/p>\n<p>Enriched with Panthenol and Allantoin, the result is radiant and visibly younger-looking skin.<\/p>\n<p>Cette cr\u00e8me est un hommage \u00e0 la beaut\u00e9 naturelle, alli\u00e9e \u00e0 l'innovation des cosm\u00e9tiques de pointe.<\/p>\n<p><strong>MODE D\u2019EMPLOI:<\/strong> Apply the cream, morning and evening, on the face, neck and d\u00e9collet\u00e9. Massage gently with your fingertips until completely absorbed.<\/p>","protected":false},"excerpt":{"rendered":"<p>The cream with an innovative formula based on Plant Stem Cells derived from unripe grapes (G-CELL cosmetic technology).<\/p>","protected":false},"featured_media":2920,"template":"","meta":{"site-sidebar-layout":"default","site-content-layout":"","ast-site-content-layout":"default","site-content-style":"default","site-sidebar-style":"default","ast-global-header-display":"","ast-banner-title-visibility":"","ast-main-header-display":"","ast-hfb-above-header-display":"","ast-hfb-below-header-display":"","ast-hfb-mobile-header-display":"","site-post-title":"","ast-breadcrumbs-content":"","ast-featured-img":"","footer-sml-layout":"","theme-transparent-header-meta":"default","adv-header-id-meta":"","stick-header-meta":"","header-above-stick-meta":"","header-main-stick-meta":"","header-below-stick-meta":"","astra-migrate-meta-layouts":"set","ast-page-background-enabled":"default","ast-page-background-meta":{"desktop":{"background-color":"","background-image":"","background-repeat":"repeat","background-position":"center center","background-size":"auto","background-attachment":"scroll","background-type":"","background-media":"","overlay-type":"","overlay-color":"","overlay-opacity":"","overlay-gradient":""},"tablet":{"background-color":"","background-image":"","background-repeat":"repeat","background-position":"center center","background-size":"auto","background-attachment":"scroll","background-type":"","background-media":"","overlay-type":"","overlay-color":"","overlay-opacity":"","overlay-gradient":""},"mobile":{"background-color":"","background-image":"","background-repeat":"repeat","background-position":"center center","background-size":"auto","background-attachment":"scroll","background-type":"","background-media":"","overlay-type":"","overlay-color":"","overlay-opacity":"","overlay-gradient":""}},"ast-content-background-meta":{"desktop":{"background-color":"var(--ast-global-color-5)","background-image":"","background-repeat":"repeat","background-position":"center center","background-size":"auto","background-attachment":"scroll","background-type":"","background-media":"","overlay-type":"","overlay-color":"","overlay-opacity":"","overlay-gradient":""},"tablet":{"background-color":"var(--ast-global-color-5)","background-image":"","background-repeat":"repeat","background-position":"center center","background-size":"auto","background-attachment":"scroll","background-type":"","background-media":"","overlay-type":"","overlay-color":"","overlay-opacity":"","overlay-gradient":""},"mobile":{"background-color":"var(--ast-global-color-5)","background-image":"","background-repeat":"repeat","background-position":"center center","background-size":"auto","background-attachment":"scroll","background-type":"","background-media":"","overlay-type":"","overlay-color":"","overlay-opacity":"","overlay-gradient":""}}},"product_brand":[64],"product_cat":[58],"product_tag":[],"class_list":{"0":"post-2207","1":"product","2":"type-product","3":"status-publish","4":"has-post-thumbnail","6":"product_brand-luxe-aura-monte-carlo","7":"product_cat-cream","8":"desktop-align-left","9":"tablet-align-left","10":"mobile-align-left","12":"first","13":"instock","14":"shipping-taxable","15":"purchasable","16":"product-type-simple","17":"add-to-wishlist-before_image"},"yoast_head":"<!-- This site is optimized with the Yoast SEO plugin v22.7 - https:\/\/yoast.com\/wordpress\/plugins\/seo\/ -->\n<title>Rigenera - Luxe Aura Monte-Carlo<\/title>\n<meta name=\"robots\" content=\"index, follow, max-snippet:-1, max-image-preview:large, max-video-preview:-1\" \/>\n<link rel=\"canonical\" href=\"https:\/\/shop.luxeauramontecarlo.com\/fr\/products\/rigenera\/\" \/>\n<meta property=\"og:locale\" content=\"fr_FR\" \/>\n<meta property=\"og:type\" content=\"article\" \/>\n<meta property=\"og:title\" content=\"Rigenera - Luxe Aura Monte-Carlo\" \/>\n<meta property=\"og:description\" content=\"The cream with an innovative formula based on Plant Stem Cells derived from unripe grapes (G-CELL cosmetic technology).\" \/>\n<meta property=\"og:url\" content=\"https:\/\/shop.luxeauramontecarlo.com\/fr\/products\/rigenera\/\" \/>\n<meta property=\"og:site_name\" content=\"Luxe Aura Monte-Carlo\" \/>\n<meta property=\"article:modified_time\" content=\"2026-04-03T08:30:52+00:00\" \/>\n<meta property=\"og:image\" content=\"https:\/\/shop.luxeauramontecarlo.com\/wp-content\/uploads\/2024\/07\/Rigenera.jpeg\" \/>\n\t<meta property=\"og:image:width\" content=\"1080\" \/>\n\t<meta property=\"og:image:height\" content=\"1080\" \/>\n\t<meta property=\"og:image:type\" content=\"image\/jpeg\" \/>\n<meta name=\"twitter:card\" content=\"summary_large_image\" \/>\n<meta name=\"twitter:label1\" content=\"Dur\u00e9e de lecture estim\u00e9e\" \/>\n\t<meta name=\"twitter:data1\" content=\"1 minute\" \/>\n<script type=\"application\/ld+json\" class=\"yoast-schema-graph\">{\"@context\":\"https:\/\/schema.org\",\"@graph\":[{\"@type\":\"WebPage\",\"@id\":\"https:\/\/shop.luxeauramontecarlo.com\/products\/rigenera\/\",\"url\":\"https:\/\/shop.luxeauramontecarlo.com\/products\/rigenera\/\",\"name\":\"Rigenera - Luxe Aura Monte-Carlo\",\"isPartOf\":{\"@id\":\"https:\/\/shop.luxeauramontecarlo.com\/#website\"},\"primaryImageOfPage\":{\"@id\":\"https:\/\/shop.luxeauramontecarlo.com\/products\/rigenera\/#primaryimage\"},\"image\":{\"@id\":\"https:\/\/shop.luxeauramontecarlo.com\/products\/rigenera\/#primaryimage\"},\"thumbnailUrl\":\"https:\/\/shop.luxeauramontecarlo.com\/wp-content\/uploads\/2024\/07\/Rigenera.jpeg\",\"datePublished\":\"2024-07-15T10:24:40+00:00\",\"dateModified\":\"2026-04-03T08:30:52+00:00\",\"breadcrumb\":{\"@id\":\"https:\/\/shop.luxeauramontecarlo.com\/products\/rigenera\/#breadcrumb\"},\"inLanguage\":\"fr-FR\",\"potentialAction\":[{\"@type\":\"ReadAction\",\"target\":[\"https:\/\/shop.luxeauramontecarlo.com\/products\/rigenera\/\"]}]},{\"@type\":\"ImageObject\",\"inLanguage\":\"fr-FR\",\"@id\":\"https:\/\/shop.luxeauramontecarlo.com\/products\/rigenera\/#primaryimage\",\"url\":\"https:\/\/shop.luxeauramontecarlo.com\/wp-content\/uploads\/2024\/07\/Rigenera.jpeg\",\"contentUrl\":\"https:\/\/shop.luxeauramontecarlo.com\/wp-content\/uploads\/2024\/07\/Rigenera.jpeg\",\"width\":1080,\"height\":1080},{\"@type\":\"BreadcrumbList\",\"@id\":\"https:\/\/shop.luxeauramontecarlo.com\/products\/rigenera\/#breadcrumb\",\"itemListElement\":[{\"@type\":\"ListItem\",\"position\":1,\"name\":\"Home\",\"item\":\"https:\/\/shop.luxeauramontecarlo.com\/\"},{\"@type\":\"ListItem\",\"position\":2,\"name\":\"Shop\",\"item\":\"https:\/\/shop.luxeauramontecarlo.com\/\"},{\"@type\":\"ListItem\",\"position\":3,\"name\":\"Rigenera\"}]},{\"@type\":\"WebSite\",\"@id\":\"https:\/\/shop.luxeauramontecarlo.com\/#website\",\"url\":\"https:\/\/shop.luxeauramontecarlo.com\/\",\"name\":\"www.luxeauramontecarlo.com\",\"description\":\"\",\"publisher\":{\"@id\":\"https:\/\/shop.luxeauramontecarlo.com\/#organization\"},\"potentialAction\":[{\"@type\":\"SearchAction\",\"target\":{\"@type\":\"EntryPoint\",\"urlTemplate\":\"https:\/\/shop.luxeauramontecarlo.com\/?s={search_term_string}\"},\"query-input\":\"required name=search_term_string\"}],\"inLanguage\":\"fr-FR\"},{\"@type\":\"Organization\",\"@id\":\"https:\/\/shop.luxeauramontecarlo.com\/#organization\",\"name\":\"Luxe Aura\",\"url\":\"https:\/\/shop.luxeauramontecarlo.com\/\",\"logo\":{\"@type\":\"ImageObject\",\"inLanguage\":\"fr-FR\",\"@id\":\"https:\/\/shop.luxeauramontecarlo.com\/#\/schema\/logo\/image\/\",\"url\":\"https:\/\/shop.luxeauramontecarlo.com\/wp-content\/uploads\/2023\/08\/cropped-cropped-cropped-cropped-logo.png\",\"contentUrl\":\"https:\/\/shop.luxeauramontecarlo.com\/wp-content\/uploads\/2023\/08\/cropped-cropped-cropped-cropped-logo.png\",\"width\":500,\"height\":351,\"caption\":\"Luxe Aura\"},\"image\":{\"@id\":\"https:\/\/shop.luxeauramontecarlo.com\/#\/schema\/logo\/image\/\"},\"sameAs\":[\"https:\/\/www.instagram.com\/luxe_aura_montecarlo\"]}]}<\/script>\n<!-- \/ Yoast SEO plugin. -->","yoast_head_json":{"title":"Rigenera - Luxe Aura Monte-Carlo","robots":{"index":"index","follow":"follow","max-snippet":"max-snippet:-1","max-image-preview":"max-image-preview:large","max-video-preview":"max-video-preview:-1"},"canonical":"https:\/\/shop.luxeauramontecarlo.com\/fr\/products\/rigenera\/","og_locale":"fr_FR","og_type":"article","og_title":"Rigenera - Luxe Aura Monte-Carlo","og_description":"The cream with an innovative formula based on Plant Stem Cells derived from unripe grapes (G-CELL cosmetic technology).","og_url":"https:\/\/shop.luxeauramontecarlo.com\/fr\/products\/rigenera\/","og_site_name":"Luxe Aura Monte-Carlo","article_modified_time":"2026-04-03T08:30:52+00:00","og_image":[{"width":1080,"height":1080,"url":"https:\/\/shop.luxeauramontecarlo.com\/wp-content\/uploads\/2024\/07\/Rigenera.jpeg","type":"image\/jpeg"}],"twitter_card":"summary_large_image","twitter_misc":{"Dur\u00e9e de lecture estim\u00e9e":"1 minute"},"schema":{"@context":"https:\/\/schema.org","@graph":[{"@type":"WebPage","@id":"https:\/\/shop.luxeauramontecarlo.com\/products\/rigenera\/","url":"https:\/\/shop.luxeauramontecarlo.com\/products\/rigenera\/","name":"Rigenera - Luxe Aura Monte-Carlo","isPartOf":{"@id":"https:\/\/shop.luxeauramontecarlo.com\/#website"},"primaryImageOfPage":{"@id":"https:\/\/shop.luxeauramontecarlo.com\/products\/rigenera\/#primaryimage"},"image":{"@id":"https:\/\/shop.luxeauramontecarlo.com\/products\/rigenera\/#primaryimage"},"thumbnailUrl":"https:\/\/shop.luxeauramontecarlo.com\/wp-content\/uploads\/2024\/07\/Rigenera.jpeg","datePublished":"2024-07-15T10:24:40+00:00","dateModified":"2026-04-03T08:30:52+00:00","breadcrumb":{"@id":"https:\/\/shop.luxeauramontecarlo.com\/products\/rigenera\/#breadcrumb"},"inLanguage":"fr-FR","potentialAction":[{"@type":"ReadAction","target":["https:\/\/shop.luxeauramontecarlo.com\/products\/rigenera\/"]}]},{"@type":"ImageObject","inLanguage":"fr-FR","@id":"https:\/\/shop.luxeauramontecarlo.com\/products\/rigenera\/#primaryimage","url":"https:\/\/shop.luxeauramontecarlo.com\/wp-content\/uploads\/2024\/07\/Rigenera.jpeg","contentUrl":"https:\/\/shop.luxeauramontecarlo.com\/wp-content\/uploads\/2024\/07\/Rigenera.jpeg","width":1080,"height":1080},{"@type":"BreadcrumbList","@id":"https:\/\/shop.luxeauramontecarlo.com\/products\/rigenera\/#breadcrumb","itemListElement":[{"@type":"ListItem","position":1,"name":"Home","item":"https:\/\/shop.luxeauramontecarlo.com\/"},{"@type":"ListItem","position":2,"name":"Shop","item":"https:\/\/shop.luxeauramontecarlo.com\/"},{"@type":"ListItem","position":3,"name":"Rigenera"}]},{"@type":"WebSite","@id":"https:\/\/shop.luxeauramontecarlo.com\/#website","url":"https:\/\/shop.luxeauramontecarlo.com\/","name":"www.luxeauramontecarlo.com","description":"","publisher":{"@id":"https:\/\/shop.luxeauramontecarlo.com\/#organization"},"potentialAction":[{"@type":"SearchAction","target":{"@type":"EntryPoint","urlTemplate":"https:\/\/shop.luxeauramontecarlo.com\/?s={search_term_string}"},"query-input":"required name=search_term_string"}],"inLanguage":"fr-FR"},{"@type":"Organization","@id":"https:\/\/shop.luxeauramontecarlo.com\/#organization","name":"Luxe Aura","url":"https:\/\/shop.luxeauramontecarlo.com\/","logo":{"@type":"ImageObject","inLanguage":"fr-FR","@id":"https:\/\/shop.luxeauramontecarlo.com\/#\/schema\/logo\/image\/","url":"https:\/\/shop.luxeauramontecarlo.com\/wp-content\/uploads\/2023\/08\/cropped-cropped-cropped-cropped-logo.png","contentUrl":"https:\/\/shop.luxeauramontecarlo.com\/wp-content\/uploads\/2023\/08\/cropped-cropped-cropped-cropped-logo.png","width":500,"height":351,"caption":"Luxe Aura"},"image":{"@id":"https:\/\/shop.luxeauramontecarlo.com\/#\/schema\/logo\/image\/"},"sameAs":["https:\/\/www.instagram.com\/luxe_aura_montecarlo"]}]}},"_links":{"self":[{"href":"https:\/\/shop.luxeauramontecarlo.com\/fr\/wp-json\/wp\/v2\/product\/2207","targetHints":{"allow":["GET"]}}],"collection":[{"href":"https:\/\/shop.luxeauramontecarlo.com\/fr\/wp-json\/wp\/v2\/product"}],"about":[{"href":"https:\/\/shop.luxeauramontecarlo.com\/fr\/wp-json\/wp\/v2\/types\/product"}],"wp:featuredmedia":[{"embeddable":true,"href":"https:\/\/shop.luxeauramontecarlo.com\/fr\/wp-json\/wp\/v2\/media\/2920"}],"wp:attachment":[{"href":"https:\/\/shop.luxeauramontecarlo.com\/fr\/wp-json\/wp\/v2\/media?parent=2207"}],"wp:term":[{"taxonomy":"product_brand","embeddable":true,"href":"https:\/\/shop.luxeauramontecarlo.com\/fr\/wp-json\/wp\/v2\/product_brand?post=2207"},{"taxonomy":"product_cat","embeddable":true,"href":"https:\/\/shop.luxeauramontecarlo.com\/fr\/wp-json\/wp\/v2\/product_cat?post=2207"},{"taxonomy":"product_tag","embeddable":true,"href":"https:\/\/shop.luxeauramontecarlo.com\/fr\/wp-json\/wp\/v2\/product_tag?post=2207"}],"curies":[{"name":"wp","href":"https:\/\/api.w.org\/{rel}","templated":true}]}}