{"id":2114,"date":"2024-06-12T08:48:46","date_gmt":"2024-06-12T06:48:46","guid":{"rendered":"https:\/\/shop.luxeauramontecarlo.com\/?post_type=product&#038;p=2114"},"modified":"2026-04-03T17:15:11","modified_gmt":"2026-04-03T15:15:11","slug":"ialu-boost","status":"publish","type":"product","link":"https:\/\/shop.luxeauramontecarlo.com\/fr\/products\/ialu-boost\/","title":{"rendered":"Ialu Boost"},"content":{"rendered":"<p>Notre cr\u00e8me contour des yeux Ialu Boost repr\u00e9sente une solution d\u00e9finitive pour des yeux lumineux et un effet anti-\u00e2ge.<\/p>\n<p>C\u2019est un traitement avanc\u00e9, sp\u00e9cialement formul\u00e9 pour une peau sensible au contour de l\u2019\u0153il.<\/p>\n<p>ette formule, d\u2019une consistance d\u00e9licate, unit l\u2019efficacit\u00e9 hydratante de l\u2019acide hyaluronique, \u00e0 des ingr\u00e9dients botaniques et l\u00e9nitifs comme la camomille et le calendula, donnant une r\u00e9ponse compl\u00e8te aux fr\u00e9quents probl\u00e8mes de la zone p\u00e9riorbitaire.<\/p>\n<p>Utilise\u0301e quotidiennement, cette cr\u00e8me est id\u00e9ale pour retrouver un regard frais, repose\u0301 et \u00e9clatant.<\/p>\n<p><strong>MODE D\u2019EMPLOI:<\/strong> Appliquer une petite quantit\u00e9 de cr\u00e8me sur le contour des yeux propre et sec. \u00c9taler doucement du bout des doigts jusqu\u2019\u00e0 son absorption compl\u00e8te. \nPour un r\u00e9sultat plus visible sur les cernes, appliquer g\u00e9n\u00e9reusement, laisser agir 10 minutes, puis retirer l'exc\u00e8dent en tapotant.<\/p>","protected":false},"excerpt":{"rendered":"<p>Eye contour cream with an anti-age effect, it relaxes and brightens the eyes, minimising the small wrinkles of the eye contour thanks to the smoothing and firming effect of Hyaluronic Acid, present in the formulation in 5 different molecular weights.<\/p>","protected":false},"featured_media":2923,"template":"","meta":{"site-sidebar-layout":"default","site-content-layout":"","ast-site-content-layout":"default","site-content-style":"default","site-sidebar-style":"default","ast-global-header-display":"","ast-banner-title-visibility":"","ast-main-header-display":"","ast-hfb-above-header-display":"","ast-hfb-below-header-display":"","ast-hfb-mobile-header-display":"","site-post-title":"","ast-breadcrumbs-content":"","ast-featured-img":"","footer-sml-layout":"","theme-transparent-header-meta":"default","adv-header-id-meta":"","stick-header-meta":"","header-above-stick-meta":"","header-main-stick-meta":"","header-below-stick-meta":"","astra-migrate-meta-layouts":"set","ast-page-background-enabled":"default","ast-page-background-meta":{"desktop":{"background-color":"","background-image":"","background-repeat":"repeat","background-position":"center center","background-size":"auto","background-attachment":"scroll","background-type":"","background-media":"","overlay-type":"","overlay-color":"","overlay-opacity":"","overlay-gradient":""},"tablet":{"background-color":"","background-image":"","background-repeat":"repeat","background-position":"center center","background-size":"auto","background-attachment":"scroll","background-type":"","background-media":"","overlay-type":"","overlay-color":"","overlay-opacity":"","overlay-gradient":""},"mobile":{"background-color":"","background-image":"","background-repeat":"repeat","background-position":"center center","background-size":"auto","background-attachment":"scroll","background-type":"","background-media":"","overlay-type":"","overlay-color":"","overlay-opacity":"","overlay-gradient":""}},"ast-content-background-meta":{"desktop":{"background-color":"var(--ast-global-color-5)","background-image":"","background-repeat":"repeat","background-position":"center center","background-size":"auto","background-attachment":"scroll","background-type":"","background-media":"","overlay-type":"","overlay-color":"","overlay-opacity":"","overlay-gradient":""},"tablet":{"background-color":"var(--ast-global-color-5)","background-image":"","background-repeat":"repeat","background-position":"center center","background-size":"auto","background-attachment":"scroll","background-type":"","background-media":"","overlay-type":"","overlay-color":"","overlay-opacity":"","overlay-gradient":""},"mobile":{"background-color":"var(--ast-global-color-5)","background-image":"","background-repeat":"repeat","background-position":"center center","background-size":"auto","background-attachment":"scroll","background-type":"","background-media":"","overlay-type":"","overlay-color":"","overlay-opacity":"","overlay-gradient":""}}},"product_brand":[64],"product_cat":[62],"product_tag":[],"class_list":{"0":"post-2114","1":"product","2":"type-product","3":"status-publish","4":"has-post-thumbnail","6":"product_brand-luxe-aura-monte-carlo","7":"product_cat-eye-contour","8":"desktop-align-left","9":"tablet-align-left","10":"mobile-align-left","12":"first","13":"instock","14":"shipping-taxable","15":"purchasable","16":"product-type-simple","17":"add-to-wishlist-before_image"},"yoast_head":"<!-- This site is optimized with the Yoast SEO plugin v22.7 - https:\/\/yoast.com\/wordpress\/plugins\/seo\/ -->\n<title>Ialu Boost - Luxe Aura Monte-Carlo<\/title>\n<meta name=\"robots\" content=\"index, follow, max-snippet:-1, max-image-preview:large, max-video-preview:-1\" \/>\n<link rel=\"canonical\" href=\"https:\/\/shop.luxeauramontecarlo.com\/fr\/products\/ialu-boost\/\" \/>\n<meta property=\"og:locale\" content=\"fr_FR\" \/>\n<meta property=\"og:type\" content=\"article\" \/>\n<meta property=\"og:title\" content=\"Ialu Boost - Luxe Aura Monte-Carlo\" \/>\n<meta property=\"og:description\" content=\"Eye contour cream with an anti-age effect, it relaxes and brightens the eyes, minimising the small wrinkles of the eye contour thanks to the smoothing and firming effect of Hyaluronic Acid, present in the formulation in 5 different molecular weights.\" \/>\n<meta property=\"og:url\" content=\"https:\/\/shop.luxeauramontecarlo.com\/fr\/products\/ialu-boost\/\" \/>\n<meta property=\"og:site_name\" content=\"Luxe Aura Monte-Carlo\" \/>\n<meta property=\"article:modified_time\" content=\"2026-04-03T15:15:11+00:00\" \/>\n<meta property=\"og:image\" content=\"https:\/\/shop.luxeauramontecarlo.com\/wp-content\/uploads\/2024\/06\/Ialu-Boost.jpeg\" \/>\n\t<meta property=\"og:image:width\" content=\"1080\" \/>\n\t<meta property=\"og:image:height\" content=\"1080\" \/>\n\t<meta property=\"og:image:type\" content=\"image\/jpeg\" \/>\n<meta name=\"twitter:card\" content=\"summary_large_image\" \/>\n<meta name=\"twitter:label1\" content=\"Dur\u00e9e de lecture estim\u00e9e\" \/>\n\t<meta name=\"twitter:data1\" content=\"1 minute\" \/>\n<script type=\"application\/ld+json\" class=\"yoast-schema-graph\">{\"@context\":\"https:\/\/schema.org\",\"@graph\":[{\"@type\":\"WebPage\",\"@id\":\"https:\/\/shop.luxeauramontecarlo.com\/products\/ialu-boost\/\",\"url\":\"https:\/\/shop.luxeauramontecarlo.com\/products\/ialu-boost\/\",\"name\":\"Ialu Boost - Luxe Aura Monte-Carlo\",\"isPartOf\":{\"@id\":\"https:\/\/shop.luxeauramontecarlo.com\/#website\"},\"primaryImageOfPage\":{\"@id\":\"https:\/\/shop.luxeauramontecarlo.com\/products\/ialu-boost\/#primaryimage\"},\"image\":{\"@id\":\"https:\/\/shop.luxeauramontecarlo.com\/products\/ialu-boost\/#primaryimage\"},\"thumbnailUrl\":\"https:\/\/shop.luxeauramontecarlo.com\/wp-content\/uploads\/2024\/06\/Ialu-Boost.jpeg\",\"datePublished\":\"2024-06-12T06:48:46+00:00\",\"dateModified\":\"2026-04-03T15:15:11+00:00\",\"breadcrumb\":{\"@id\":\"https:\/\/shop.luxeauramontecarlo.com\/products\/ialu-boost\/#breadcrumb\"},\"inLanguage\":\"fr-FR\",\"potentialAction\":[{\"@type\":\"ReadAction\",\"target\":[\"https:\/\/shop.luxeauramontecarlo.com\/products\/ialu-boost\/\"]}]},{\"@type\":\"ImageObject\",\"inLanguage\":\"fr-FR\",\"@id\":\"https:\/\/shop.luxeauramontecarlo.com\/products\/ialu-boost\/#primaryimage\",\"url\":\"https:\/\/shop.luxeauramontecarlo.com\/wp-content\/uploads\/2024\/06\/Ialu-Boost.jpeg\",\"contentUrl\":\"https:\/\/shop.luxeauramontecarlo.com\/wp-content\/uploads\/2024\/06\/Ialu-Boost.jpeg\",\"width\":1080,\"height\":1080},{\"@type\":\"BreadcrumbList\",\"@id\":\"https:\/\/shop.luxeauramontecarlo.com\/products\/ialu-boost\/#breadcrumb\",\"itemListElement\":[{\"@type\":\"ListItem\",\"position\":1,\"name\":\"Home\",\"item\":\"https:\/\/shop.luxeauramontecarlo.com\/\"},{\"@type\":\"ListItem\",\"position\":2,\"name\":\"Shop\",\"item\":\"https:\/\/shop.luxeauramontecarlo.com\/\"},{\"@type\":\"ListItem\",\"position\":3,\"name\":\"Ialu Boost\"}]},{\"@type\":\"WebSite\",\"@id\":\"https:\/\/shop.luxeauramontecarlo.com\/#website\",\"url\":\"https:\/\/shop.luxeauramontecarlo.com\/\",\"name\":\"www.luxeauramontecarlo.com\",\"description\":\"\",\"publisher\":{\"@id\":\"https:\/\/shop.luxeauramontecarlo.com\/#organization\"},\"potentialAction\":[{\"@type\":\"SearchAction\",\"target\":{\"@type\":\"EntryPoint\",\"urlTemplate\":\"https:\/\/shop.luxeauramontecarlo.com\/?s={search_term_string}\"},\"query-input\":\"required name=search_term_string\"}],\"inLanguage\":\"fr-FR\"},{\"@type\":\"Organization\",\"@id\":\"https:\/\/shop.luxeauramontecarlo.com\/#organization\",\"name\":\"Luxe Aura\",\"url\":\"https:\/\/shop.luxeauramontecarlo.com\/\",\"logo\":{\"@type\":\"ImageObject\",\"inLanguage\":\"fr-FR\",\"@id\":\"https:\/\/shop.luxeauramontecarlo.com\/#\/schema\/logo\/image\/\",\"url\":\"https:\/\/shop.luxeauramontecarlo.com\/wp-content\/uploads\/2023\/08\/cropped-cropped-cropped-cropped-logo.png\",\"contentUrl\":\"https:\/\/shop.luxeauramontecarlo.com\/wp-content\/uploads\/2023\/08\/cropped-cropped-cropped-cropped-logo.png\",\"width\":500,\"height\":351,\"caption\":\"Luxe Aura\"},\"image\":{\"@id\":\"https:\/\/shop.luxeauramontecarlo.com\/#\/schema\/logo\/image\/\"},\"sameAs\":[\"https:\/\/www.instagram.com\/luxe_aura_montecarlo\"]}]}<\/script>\n<!-- \/ Yoast SEO plugin. -->","yoast_head_json":{"title":"Ialu Boost - Luxe Aura Monte-Carlo","robots":{"index":"index","follow":"follow","max-snippet":"max-snippet:-1","max-image-preview":"max-image-preview:large","max-video-preview":"max-video-preview:-1"},"canonical":"https:\/\/shop.luxeauramontecarlo.com\/fr\/products\/ialu-boost\/","og_locale":"fr_FR","og_type":"article","og_title":"Ialu Boost - Luxe Aura Monte-Carlo","og_description":"Eye contour cream with an anti-age effect, it relaxes and brightens the eyes, minimising the small wrinkles of the eye contour thanks to the smoothing and firming effect of Hyaluronic Acid, present in the formulation in 5 different molecular weights.","og_url":"https:\/\/shop.luxeauramontecarlo.com\/fr\/products\/ialu-boost\/","og_site_name":"Luxe Aura Monte-Carlo","article_modified_time":"2026-04-03T15:15:11+00:00","og_image":[{"width":1080,"height":1080,"url":"https:\/\/shop.luxeauramontecarlo.com\/wp-content\/uploads\/2024\/06\/Ialu-Boost.jpeg","type":"image\/jpeg"}],"twitter_card":"summary_large_image","twitter_misc":{"Dur\u00e9e de lecture estim\u00e9e":"1 minute"},"schema":{"@context":"https:\/\/schema.org","@graph":[{"@type":"WebPage","@id":"https:\/\/shop.luxeauramontecarlo.com\/products\/ialu-boost\/","url":"https:\/\/shop.luxeauramontecarlo.com\/products\/ialu-boost\/","name":"Ialu Boost - Luxe Aura Monte-Carlo","isPartOf":{"@id":"https:\/\/shop.luxeauramontecarlo.com\/#website"},"primaryImageOfPage":{"@id":"https:\/\/shop.luxeauramontecarlo.com\/products\/ialu-boost\/#primaryimage"},"image":{"@id":"https:\/\/shop.luxeauramontecarlo.com\/products\/ialu-boost\/#primaryimage"},"thumbnailUrl":"https:\/\/shop.luxeauramontecarlo.com\/wp-content\/uploads\/2024\/06\/Ialu-Boost.jpeg","datePublished":"2024-06-12T06:48:46+00:00","dateModified":"2026-04-03T15:15:11+00:00","breadcrumb":{"@id":"https:\/\/shop.luxeauramontecarlo.com\/products\/ialu-boost\/#breadcrumb"},"inLanguage":"fr-FR","potentialAction":[{"@type":"ReadAction","target":["https:\/\/shop.luxeauramontecarlo.com\/products\/ialu-boost\/"]}]},{"@type":"ImageObject","inLanguage":"fr-FR","@id":"https:\/\/shop.luxeauramontecarlo.com\/products\/ialu-boost\/#primaryimage","url":"https:\/\/shop.luxeauramontecarlo.com\/wp-content\/uploads\/2024\/06\/Ialu-Boost.jpeg","contentUrl":"https:\/\/shop.luxeauramontecarlo.com\/wp-content\/uploads\/2024\/06\/Ialu-Boost.jpeg","width":1080,"height":1080},{"@type":"BreadcrumbList","@id":"https:\/\/shop.luxeauramontecarlo.com\/products\/ialu-boost\/#breadcrumb","itemListElement":[{"@type":"ListItem","position":1,"name":"Home","item":"https:\/\/shop.luxeauramontecarlo.com\/"},{"@type":"ListItem","position":2,"name":"Shop","item":"https:\/\/shop.luxeauramontecarlo.com\/"},{"@type":"ListItem","position":3,"name":"Ialu Boost"}]},{"@type":"WebSite","@id":"https:\/\/shop.luxeauramontecarlo.com\/#website","url":"https:\/\/shop.luxeauramontecarlo.com\/","name":"www.luxeauramontecarlo.com","description":"","publisher":{"@id":"https:\/\/shop.luxeauramontecarlo.com\/#organization"},"potentialAction":[{"@type":"SearchAction","target":{"@type":"EntryPoint","urlTemplate":"https:\/\/shop.luxeauramontecarlo.com\/?s={search_term_string}"},"query-input":"required name=search_term_string"}],"inLanguage":"fr-FR"},{"@type":"Organization","@id":"https:\/\/shop.luxeauramontecarlo.com\/#organization","name":"Luxe Aura","url":"https:\/\/shop.luxeauramontecarlo.com\/","logo":{"@type":"ImageObject","inLanguage":"fr-FR","@id":"https:\/\/shop.luxeauramontecarlo.com\/#\/schema\/logo\/image\/","url":"https:\/\/shop.luxeauramontecarlo.com\/wp-content\/uploads\/2023\/08\/cropped-cropped-cropped-cropped-logo.png","contentUrl":"https:\/\/shop.luxeauramontecarlo.com\/wp-content\/uploads\/2023\/08\/cropped-cropped-cropped-cropped-logo.png","width":500,"height":351,"caption":"Luxe Aura"},"image":{"@id":"https:\/\/shop.luxeauramontecarlo.com\/#\/schema\/logo\/image\/"},"sameAs":["https:\/\/www.instagram.com\/luxe_aura_montecarlo"]}]}},"_links":{"self":[{"href":"https:\/\/shop.luxeauramontecarlo.com\/fr\/wp-json\/wp\/v2\/product\/2114","targetHints":{"allow":["GET"]}}],"collection":[{"href":"https:\/\/shop.luxeauramontecarlo.com\/fr\/wp-json\/wp\/v2\/product"}],"about":[{"href":"https:\/\/shop.luxeauramontecarlo.com\/fr\/wp-json\/wp\/v2\/types\/product"}],"wp:featuredmedia":[{"embeddable":true,"href":"https:\/\/shop.luxeauramontecarlo.com\/fr\/wp-json\/wp\/v2\/media\/2923"}],"wp:attachment":[{"href":"https:\/\/shop.luxeauramontecarlo.com\/fr\/wp-json\/wp\/v2\/media?parent=2114"}],"wp:term":[{"taxonomy":"product_brand","embeddable":true,"href":"https:\/\/shop.luxeauramontecarlo.com\/fr\/wp-json\/wp\/v2\/product_brand?post=2114"},{"taxonomy":"product_cat","embeddable":true,"href":"https:\/\/shop.luxeauramontecarlo.com\/fr\/wp-json\/wp\/v2\/product_cat?post=2114"},{"taxonomy":"product_tag","embeddable":true,"href":"https:\/\/shop.luxeauramontecarlo.com\/fr\/wp-json\/wp\/v2\/product_tag?post=2114"}],"curies":[{"name":"wp","href":"https:\/\/api.w.org\/{rel}","templated":true}]}}