{"id":2085,"date":"2024-05-31T14:57:33","date_gmt":"2024-05-31T12:57:33","guid":{"rendered":"https:\/\/shop.luxeauramontecarlo.com\/carrello\/"},"modified":"2024-10-16T11:01:41","modified_gmt":"2024-10-16T09:01:41","slug":"cart","status":"publish","type":"page","link":"https:\/\/shop.luxeauramontecarlo.com\/fr\/cart\/","title":{"rendered":"Panier"},"content":{"rendered":"<div data-elementor-type=\"wp-page\" data-elementor-id=\"2085\" class=\"elementor elementor-2085\">\n\t\t\t\t\t\t<section class=\"elementor-section elementor-top-section elementor-element elementor-element-7de2302d elementor-section-boxed elementor-section-height-default elementor-section-height-default\" data-id=\"7de2302d\" data-element_type=\"section\">\n\t\t\t\t\t\t<div class=\"elementor-container elementor-column-gap-default\">\n\t\t\t\t\t<div class=\"elementor-column elementor-col-100 elementor-top-column elementor-element elementor-element-5107142e\" data-id=\"5107142e\" data-element_type=\"column\">\n\t\t\t<div class=\"elementor-widget-wrap elementor-element-populated\">\n\t\t\t\t\t\t<div class=\"elementor-element elementor-element-2e3a1e4 elementor-widget elementor-widget-eael-woo-cart\" data-id=\"2e3a1e4\" data-element_type=\"widget\" data-settings=\"{&quot;eael_woo_cart_table_components_remove_icon&quot;:{&quot;value&quot;:&quot;fas fa-times&quot;,&quot;library&quot;:&quot;fa-solid&quot;},&quot;eael_woo_cart_components_continue_shopping_icon&quot;:{&quot;value&quot;:&quot;fas fa-chevron-left&quot;,&quot;library&quot;:&quot;fa-solid&quot;}}\" data-widget_type=\"eael-woo-cart.default\">\n\t\t\t\t<div class=\"elementor-widget-container\">\n\t\t\t\t\t\t\t<div class=\"eael-woo-cart-wrapper eael-woo-cart-empty eael-woo-style-2 eael-auto-update33\">\n\t\t\t\t<div class=\"woocommerce-notices-wrapper\"><\/div><div class=\"wc-empty-cart-message\">\n\t<div class=\"cart-empty woocommerce-info\" role=\"status\">\n\t\tVotre panier est tristement vide...\t<\/div>\n<\/div>\t<p class=\"return-to-shop\">\n\t\t<a class=\"button wc-backward\" href=\"https:\/\/shop.luxeauramontecarlo.com\/fr\/\">\n\t\t\tCliquez ici pour continuer vos achats\t\t<\/a>\n\t<\/p>\n                <\/div>\n\t\t\t\t        <script>document.body.classList.add(\"eael-woo-cart\");<\/script>\n\t\t\t\t<\/div>\n\t\t\t\t<\/div>\n\t\t\t\t\t<\/div>\n\t\t<\/div>\n\t\t\t\t\t<\/div>\n\t\t<\/section>\n\t\t\t\t<\/div>","protected":false},"excerpt":{"rendered":"<p>PRODUCTS Price Quantity Subtotal Ruby Wine Elixir 197,00&nbsp;&euro; Ruby Wine Elixir quantit\u00e0 197,00&nbsp;&euro; Ialu Boost 109,00&nbsp;&euro; Ialu Boost quantit\u00e0 109,00&nbsp;&euro; Golden Glow Cream 99,00&nbsp;&euro; Golden Glow Cream quantit\u00e0 297,00&nbsp;&euro; Coupon: Apply Coupon Continue Shopping Update Cart Subtotal 603,00&nbsp;&euro; Total 603,00&nbsp;&euro; Proceed to Checkout<\/p>","protected":false},"author":1,"featured_media":0,"parent":0,"menu_order":0,"comment_status":"closed","ping_status":"closed","template":"","meta":{"site-sidebar-layout":"default","site-content-layout":"","ast-site-content-layout":"","site-content-style":"default","site-sidebar-style":"default","ast-global-header-display":"","ast-banner-title-visibility":"","ast-main-header-display":"","ast-hfb-above-header-display":"","ast-hfb-below-header-display":"","ast-hfb-mobile-header-display":"","site-post-title":"","ast-breadcrumbs-content":"","ast-featured-img":"","footer-sml-layout":"","theme-transparent-header-meta":"","adv-header-id-meta":"","stick-header-meta":"","header-above-stick-meta":"","header-main-stick-meta":"","header-below-stick-meta":"","astra-migrate-meta-layouts":"default","ast-page-background-enabled":"default","ast-page-background-meta":{"desktop":{"background-color":"","background-image":"","background-repeat":"repeat","background-position":"center center","background-size":"auto","background-attachment":"scroll","background-type":"","background-media":"","overlay-type":"","overlay-color":"","overlay-opacity":"","overlay-gradient":""},"tablet":{"background-color":"","background-image":"","background-repeat":"repeat","background-position":"center center","background-size":"auto","background-attachment":"scroll","background-type":"","background-media":"","overlay-type":"","overlay-color":"","overlay-opacity":"","overlay-gradient":""},"mobile":{"background-color":"","background-image":"","background-repeat":"repeat","background-position":"center center","background-size":"auto","background-attachment":"scroll","background-type":"","background-media":"","overlay-type":"","overlay-color":"","overlay-opacity":"","overlay-gradient":""}},"ast-content-background-meta":{"desktop":{"background-color":"var(--ast-global-color-5)","background-image":"","background-repeat":"repeat","background-position":"center center","background-size":"auto","background-attachment":"scroll","background-type":"","background-media":"","overlay-type":"","overlay-color":"","overlay-opacity":"","overlay-gradient":""},"tablet":{"background-color":"var(--ast-global-color-5)","background-image":"","background-repeat":"repeat","background-position":"center center","background-size":"auto","background-attachment":"scroll","background-type":"","background-media":"","overlay-type":"","overlay-color":"","overlay-opacity":"","overlay-gradient":""},"mobile":{"background-color":"var(--ast-global-color-5)","background-image":"","background-repeat":"repeat","background-position":"center center","background-size":"auto","background-attachment":"scroll","background-type":"","background-media":"","overlay-type":"","overlay-color":"","overlay-opacity":"","overlay-gradient":""}},"footnotes":""},"class_list":["post-2085","page","type-page","status-publish","hentry"],"yoast_head":"<!-- This site is optimized with the Yoast SEO plugin v22.7 - https:\/\/yoast.com\/wordpress\/plugins\/seo\/ -->\n<title>Cart - Luxe Aura Monte-Carlo<\/title>\n<meta name=\"robots\" content=\"index, follow, max-snippet:-1, max-image-preview:large, max-video-preview:-1\" \/>\n<link rel=\"canonical\" href=\"https:\/\/shop.luxeauramontecarlo.com\/fr\/cart\/\" \/>\n<meta property=\"og:locale\" content=\"fr_FR\" \/>\n<meta property=\"og:type\" content=\"article\" \/>\n<meta property=\"og:title\" content=\"Cart - Luxe Aura Monte-Carlo\" \/>\n<meta property=\"og:description\" content=\"PRODUCTS Price Quantity Subtotal Ruby Wine Elixir 197,00&nbsp;&euro; Ruby Wine Elixir quantit\u00e0 197,00&nbsp;&euro; Ialu Boost 109,00&nbsp;&euro; Ialu Boost quantit\u00e0 109,00&nbsp;&euro; Golden Glow Cream 99,00&nbsp;&euro; Golden Glow Cream quantit\u00e0 297,00&nbsp;&euro; Coupon: Apply Coupon Continue Shopping Update Cart Subtotal 603,00&nbsp;&euro; Total 603,00&nbsp;&euro; Proceed to Checkout\" \/>\n<meta property=\"og:url\" content=\"https:\/\/shop.luxeauramontecarlo.com\/fr\/cart\/\" \/>\n<meta property=\"og:site_name\" content=\"Luxe Aura Monte-Carlo\" \/>\n<meta property=\"article:modified_time\" content=\"2024-10-16T09:01:41+00:00\" \/>\n<meta property=\"og:image\" content=\"https:\/\/shop.luxeauramontecarlo.com\/wp-content\/uploads\/2024\/06\/RubyWineElixir-300x299.jpg\" \/>\n<meta name=\"twitter:card\" content=\"summary_large_image\" \/>\n<meta name=\"twitter:label1\" content=\"Dur\u00e9e de lecture estim\u00e9e\" \/>\n\t<meta name=\"twitter:data1\" content=\"1 minute\" \/>\n<script type=\"application\/ld+json\" class=\"yoast-schema-graph\">{\"@context\":\"https:\/\/schema.org\",\"@graph\":[{\"@type\":\"WebPage\",\"@id\":\"https:\/\/shop.luxeauramontecarlo.com\/cart\/\",\"url\":\"https:\/\/shop.luxeauramontecarlo.com\/cart\/\",\"name\":\"Cart - Luxe Aura Monte-Carlo\",\"isPartOf\":{\"@id\":\"https:\/\/shop.luxeauramontecarlo.com\/#website\"},\"primaryImageOfPage\":{\"@id\":\"https:\/\/shop.luxeauramontecarlo.com\/cart\/#primaryimage\"},\"image\":{\"@id\":\"https:\/\/shop.luxeauramontecarlo.com\/cart\/#primaryimage\"},\"thumbnailUrl\":\"https:\/\/shop.luxeauramontecarlo.com\/wp-content\/uploads\/2024\/06\/RubyWineElixir-300x299.jpg\",\"datePublished\":\"2024-05-31T12:57:33+00:00\",\"dateModified\":\"2024-10-16T09:01:41+00:00\",\"breadcrumb\":{\"@id\":\"https:\/\/shop.luxeauramontecarlo.com\/cart\/#breadcrumb\"},\"inLanguage\":\"fr-FR\",\"potentialAction\":[{\"@type\":\"ReadAction\",\"target\":[\"https:\/\/shop.luxeauramontecarlo.com\/cart\/\"]}]},{\"@type\":\"ImageObject\",\"inLanguage\":\"fr-FR\",\"@id\":\"https:\/\/shop.luxeauramontecarlo.com\/cart\/#primaryimage\",\"url\":\"https:\/\/shop.luxeauramontecarlo.com\/wp-content\/uploads\/2024\/06\/RubyWineElixir-300x299.jpg\",\"contentUrl\":\"https:\/\/shop.luxeauramontecarlo.com\/wp-content\/uploads\/2024\/06\/RubyWineElixir-300x299.jpg\"},{\"@type\":\"BreadcrumbList\",\"@id\":\"https:\/\/shop.luxeauramontecarlo.com\/cart\/#breadcrumb\",\"itemListElement\":[{\"@type\":\"ListItem\",\"position\":1,\"name\":\"Home\",\"item\":\"https:\/\/shop.luxeauramontecarlo.com\/\"},{\"@type\":\"ListItem\",\"position\":2,\"name\":\"Cart\"}]},{\"@type\":\"WebSite\",\"@id\":\"https:\/\/shop.luxeauramontecarlo.com\/#website\",\"url\":\"https:\/\/shop.luxeauramontecarlo.com\/\",\"name\":\"www.luxeauramontecarlo.com\",\"description\":\"\",\"publisher\":{\"@id\":\"https:\/\/shop.luxeauramontecarlo.com\/#organization\"},\"potentialAction\":[{\"@type\":\"SearchAction\",\"target\":{\"@type\":\"EntryPoint\",\"urlTemplate\":\"https:\/\/shop.luxeauramontecarlo.com\/?s={search_term_string}\"},\"query-input\":\"required name=search_term_string\"}],\"inLanguage\":\"fr-FR\"},{\"@type\":\"Organization\",\"@id\":\"https:\/\/shop.luxeauramontecarlo.com\/#organization\",\"name\":\"Luxe Aura\",\"url\":\"https:\/\/shop.luxeauramontecarlo.com\/\",\"logo\":{\"@type\":\"ImageObject\",\"inLanguage\":\"fr-FR\",\"@id\":\"https:\/\/shop.luxeauramontecarlo.com\/#\/schema\/logo\/image\/\",\"url\":\"https:\/\/shop.luxeauramontecarlo.com\/wp-content\/uploads\/2023\/08\/cropped-cropped-cropped-cropped-logo.png\",\"contentUrl\":\"https:\/\/shop.luxeauramontecarlo.com\/wp-content\/uploads\/2023\/08\/cropped-cropped-cropped-cropped-logo.png\",\"width\":500,\"height\":351,\"caption\":\"Luxe Aura\"},\"image\":{\"@id\":\"https:\/\/shop.luxeauramontecarlo.com\/#\/schema\/logo\/image\/\"},\"sameAs\":[\"https:\/\/www.instagram.com\/luxe_aura_montecarlo\"]}]}<\/script>\n<!-- \/ Yoast SEO plugin. -->","yoast_head_json":{"title":"Cart - Luxe Aura Monte-Carlo","robots":{"index":"index","follow":"follow","max-snippet":"max-snippet:-1","max-image-preview":"max-image-preview:large","max-video-preview":"max-video-preview:-1"},"canonical":"https:\/\/shop.luxeauramontecarlo.com\/fr\/cart\/","og_locale":"fr_FR","og_type":"article","og_title":"Cart - Luxe Aura Monte-Carlo","og_description":"PRODUCTS Price Quantity Subtotal Ruby Wine Elixir 197,00&nbsp;&euro; Ruby Wine Elixir quantit\u00e0 197,00&nbsp;&euro; Ialu Boost 109,00&nbsp;&euro; Ialu Boost quantit\u00e0 109,00&nbsp;&euro; Golden Glow Cream 99,00&nbsp;&euro; Golden Glow Cream quantit\u00e0 297,00&nbsp;&euro; Coupon: Apply Coupon Continue Shopping Update Cart Subtotal 603,00&nbsp;&euro; Total 603,00&nbsp;&euro; Proceed to Checkout","og_url":"https:\/\/shop.luxeauramontecarlo.com\/fr\/cart\/","og_site_name":"Luxe Aura Monte-Carlo","article_modified_time":"2024-10-16T09:01:41+00:00","og_image":[{"url":"https:\/\/shop.luxeauramontecarlo.com\/wp-content\/uploads\/2024\/06\/RubyWineElixir-300x299.jpg"}],"twitter_card":"summary_large_image","twitter_misc":{"Dur\u00e9e de lecture estim\u00e9e":"1 minute"},"schema":{"@context":"https:\/\/schema.org","@graph":[{"@type":"WebPage","@id":"https:\/\/shop.luxeauramontecarlo.com\/cart\/","url":"https:\/\/shop.luxeauramontecarlo.com\/cart\/","name":"Cart - Luxe Aura Monte-Carlo","isPartOf":{"@id":"https:\/\/shop.luxeauramontecarlo.com\/#website"},"primaryImageOfPage":{"@id":"https:\/\/shop.luxeauramontecarlo.com\/cart\/#primaryimage"},"image":{"@id":"https:\/\/shop.luxeauramontecarlo.com\/cart\/#primaryimage"},"thumbnailUrl":"https:\/\/shop.luxeauramontecarlo.com\/wp-content\/uploads\/2024\/06\/RubyWineElixir-300x299.jpg","datePublished":"2024-05-31T12:57:33+00:00","dateModified":"2024-10-16T09:01:41+00:00","breadcrumb":{"@id":"https:\/\/shop.luxeauramontecarlo.com\/cart\/#breadcrumb"},"inLanguage":"fr-FR","potentialAction":[{"@type":"ReadAction","target":["https:\/\/shop.luxeauramontecarlo.com\/cart\/"]}]},{"@type":"ImageObject","inLanguage":"fr-FR","@id":"https:\/\/shop.luxeauramontecarlo.com\/cart\/#primaryimage","url":"https:\/\/shop.luxeauramontecarlo.com\/wp-content\/uploads\/2024\/06\/RubyWineElixir-300x299.jpg","contentUrl":"https:\/\/shop.luxeauramontecarlo.com\/wp-content\/uploads\/2024\/06\/RubyWineElixir-300x299.jpg"},{"@type":"BreadcrumbList","@id":"https:\/\/shop.luxeauramontecarlo.com\/cart\/#breadcrumb","itemListElement":[{"@type":"ListItem","position":1,"name":"Home","item":"https:\/\/shop.luxeauramontecarlo.com\/"},{"@type":"ListItem","position":2,"name":"Cart"}]},{"@type":"WebSite","@id":"https:\/\/shop.luxeauramontecarlo.com\/#website","url":"https:\/\/shop.luxeauramontecarlo.com\/","name":"www.luxeauramontecarlo.com","description":"","publisher":{"@id":"https:\/\/shop.luxeauramontecarlo.com\/#organization"},"potentialAction":[{"@type":"SearchAction","target":{"@type":"EntryPoint","urlTemplate":"https:\/\/shop.luxeauramontecarlo.com\/?s={search_term_string}"},"query-input":"required name=search_term_string"}],"inLanguage":"fr-FR"},{"@type":"Organization","@id":"https:\/\/shop.luxeauramontecarlo.com\/#organization","name":"Luxe Aura","url":"https:\/\/shop.luxeauramontecarlo.com\/","logo":{"@type":"ImageObject","inLanguage":"fr-FR","@id":"https:\/\/shop.luxeauramontecarlo.com\/#\/schema\/logo\/image\/","url":"https:\/\/shop.luxeauramontecarlo.com\/wp-content\/uploads\/2023\/08\/cropped-cropped-cropped-cropped-logo.png","contentUrl":"https:\/\/shop.luxeauramontecarlo.com\/wp-content\/uploads\/2023\/08\/cropped-cropped-cropped-cropped-logo.png","width":500,"height":351,"caption":"Luxe Aura"},"image":{"@id":"https:\/\/shop.luxeauramontecarlo.com\/#\/schema\/logo\/image\/"},"sameAs":["https:\/\/www.instagram.com\/luxe_aura_montecarlo"]}]}},"_links":{"self":[{"href":"https:\/\/shop.luxeauramontecarlo.com\/fr\/wp-json\/wp\/v2\/pages\/2085","targetHints":{"allow":["GET"]}}],"collection":[{"href":"https:\/\/shop.luxeauramontecarlo.com\/fr\/wp-json\/wp\/v2\/pages"}],"about":[{"href":"https:\/\/shop.luxeauramontecarlo.com\/fr\/wp-json\/wp\/v2\/types\/page"}],"author":[{"embeddable":true,"href":"https:\/\/shop.luxeauramontecarlo.com\/fr\/wp-json\/wp\/v2\/users\/1"}],"replies":[{"embeddable":true,"href":"https:\/\/shop.luxeauramontecarlo.com\/fr\/wp-json\/wp\/v2\/comments?post=2085"}],"version-history":[{"count":13,"href":"https:\/\/shop.luxeauramontecarlo.com\/fr\/wp-json\/wp\/v2\/pages\/2085\/revisions"}],"predecessor-version":[{"id":2576,"href":"https:\/\/shop.luxeauramontecarlo.com\/fr\/wp-json\/wp\/v2\/pages\/2085\/revisions\/2576"}],"wp:attachment":[{"href":"https:\/\/shop.luxeauramontecarlo.com\/fr\/wp-json\/wp\/v2\/media?parent=2085"}],"curies":[{"name":"wp","href":"https:\/\/api.w.org\/{rel}","templated":true}]}}